{"id":3460,"date":"2016-07-20T17:42:27","date_gmt":"2016-07-20T17:42:27","guid":{"rendered":"http:\/\/www.aprioripr.com\/?page_id=3460"},"modified":"2024-10-09T16:21:51","modified_gmt":"2024-10-09T16:21:51","slug":"workshops-2","status":"publish","type":"page","link":"https:\/\/www.aprioripr.com\/de\/workshops-2\/","title":{"rendered":"Workshops"},"content":{"rendered":"<div data-label=\"About\" data-id=\"about--4\" data-export-id=\"about-image-text\" data-category=\"about\" class=\"about-image-text content-section content-section-spacing\" id=\"about-4\"  style=\"background-color: rgb(0, 0, 0); background-image: none;\"><div class=\"gridContainer\" > <div class=\"row\" ><div class=\"col-sm-6 flexbox-strech center-xs middle-xs no-gutter-col\" > <div class=\"shadow-large overlap-right-large flexbox middle-xs center-xs left-img lazyload\" data-bg=\"image\"  style=\"background-image:inherit;\" data-bg-image=\"url(&quot;https:\/\/www.aprioripr.com\/wp-content\/uploads\/2024\/10\/cropped-AI-Workshop-AI-in-Marketing_apriori_2024_2160-x-1080-px-1.jpg&quot;)\"><\/div><\/div> <div class=\"col-sm-6 space-bottom-xs col-padding-small-xs col-sm-padding-large bg-color5 white-text content-col\" data-type=\"column\" ><h5 class=\"\" >KI im Marketing Online Workshops<\/h5> <h2 class=\"\" >AI FOR MARKETING\n<br >WORKSHOPS<\/h2> <p class=\"\" >Lernen Sie, wie Sie k\u00fcnstliche Intelligenz nutzen k\u00f6nnen, um Ihre Marketingaktivit\u00e4ten in diesem interaktiven Online-Workshop auf das n\u00e4chste Level zu heben! Sind Sie bereit f\u00fcr die Zukunft des Marketings? In unserem dynamischen Online-Workshop erfahren Sie, wie k\u00fcnstliche Intelligenz die Branche revolutioniert und wie sie KI gezielt f\u00fcr Ihr Marketing einsetzen k\u00f6nnen.<\/p><a class=\"button color3 dark-text\" href=\"https:\/\/www.eventbrite.de\/e\/ai-for-marketing-workshop-tickets-1042793733127\" target=\"_blank\" data-cp-link=\"1\" data-icon=\"\" rel=\"noopener\">Weitere Informationen<\/a><\/div> <\/div><\/div> <\/div><div  data-label=\"About\" data-id=\"about--3\" data-export-id=\"about-text-image\" data-category=\"about\" class=\"about-text-image content-section content-section-spacing\" id=\"about-3\" style=\"background-color: rgb(0, 0, 0); background-image: none;\"><div  class=\"gridContainer\"> <div  class=\"row\"><div  class=\"col-sm-6 col-padding-small-xs col-sm-padding-large bg-color5 white-text content-col\" data-type=\"column\"> <h5  class=\"\">KI im Marketing Seminare<\/h5> <h2  class=\"\">KI im Marketing Seminare @ M\u00fcnchner Marketing Akademie<\/h2> <p  class=\"\">Im vierten Quartal 2024 finden mehrere Kurse zum Thema \u201eKI im Marketing\u201c an der M\u00fcnchner Marketing Akadmie statt, die von unserer Inhaberin, Christiane Lesch, als Trainerin umgesetzt werden. Weitere Informationen und Anmeldem\u00f6glichkeiten gibt es <a data-mce-href=\"https:\/\/www.ovb-mediasales.de\/kurse\/ki-im-marketing-1\/\" href=\"https:\/\/www.ovb-mediasales.de\/kurse\/ki-im-marketing-1\" target=\"_self\" data-mce-selected=\"inline-boundary\" data-cp-link=\"1\" rel=\"noopener\" class=\"\">hier<\/a>&nbsp;und <a data-mce-href=\"https:\/\/www.ovb-mediasales.de\/kurse\/ki-im-marketing-2\/\" href=\"https:\/\/www.ovb-mediasales.de\/kurse\/ki-im-marketing-2\" target=\"_self\" data-mce-selected=\"inline-boundary\" data-cp-link=\"1\" rel=\"noopener\" class=\"\">hier<\/a><\/p><\/div> <div  class=\"col-sm-6 flexbox-strech center-xs middle-xs no-gutter-col\"><div  class=\"shadow-large overlap-left-large flexbox middle-xs center-xs right-img lazyload\" data-bg=\"image\" style=\"background-image:inherit;\" data-bg-image=\"url(&quot;https:\/\/www.aprioripr.com\/wp-content\/uploads\/2024\/09\/cropped-Bildschirmfoto-2024-09-24-um-13.00.24-2.png&quot;)\"><\/div><\/div> <\/div><\/div> <\/div><div  data-label=\"Overlappable\" data-id=\"overlappable--1\" data-export-id=\"overlappable-2\" data-category=\"overlappable\" class=\"overlappable-2 content-section content-section-spacing\" data-overlap=\"true\" id=\"overlappable-1\" style=\"background-color: rgb(255, 255, 255);\"><div  class=\"gridContainer\"> <div  class=\"row middle-sm shadow-medium bg-color-white\"><div  class=\"col-xs-12 col-sm-4 top-sm col-padding col-padding-xs\" data-type=\"column\"> <h3  class=\"font-300\">apriori Workshops \n<br >auf einen Blick<\/h3>  <a class=\"button y-move big color1\" href=\"https:\/\/www.aprioripr.com\/de\/contact-us\" target=\"_blank\" data-cp-link=\"1\" data-icon=\"\" rel=\"noopener noreferrer\">Jetzt anfragen<\/a><\/div> <div  class=\"col-xs-12 col-sm-8\"><div  data-type=\"row\" class=\"row\"> <div  class=\"col-xs-12 col-sm-6 col-padding col-padding-small-xs\"><i  class=\"fa icon bordered round fa-paper-plane color1\"><\/i> <h5  class=\"\">Storytelling<\/h5> <p  class=\"\">In diesem Workshop lernen Sie wie Sie aus den Produkten, Services, Expertise Ihres Unternehmens eine individuelle Storytelling- Strategie ma\u00dfgeschneidert auf unterschiedliche Zielmedien entwickeln.<\/p><\/div> <div  class=\"col-xs-12 col-sm-6 col-padding col-padding-small-xs\"><i  class=\"fa icon bordered round fa-forumbee color1\"><\/i> <h5  class=\"\">Immersive Media Storytelling<\/h5> <p  class=\"\">In diesem Workshop lernen Sie wie Sie unter Einbindung von VR und AR das Storytelling und die Customer Experience auf das n\u00e4chste Level heben.&nbsp;<\/p><\/div> <div  class=\"col-xs-12 col-sm-6 col-padding col-padding-small-xs\"><i  class=\"fa icon bordered round fa-cubes color1\"><\/i> <h5  class=\"\">Fit f\u00fcr die Kamera<\/h5> <p  class=\"\">Ein TV-Team hat sich angek\u00fcndigt und m\u00f6chte mit Ihnen oder Ihrem Gesch\u00e4ftsf\u00fchrer ein Interview f\u00fchren. Wir trainieren Sie f\u00fcr Ihren perfekten Auftritt vor der Kamera!<\/p><\/div> <div  class=\"col-xs-12 col-sm-6 col-padding col-padding-small-xs\"> <i  class=\"fa icon bordered round fa-forumbee color1\"><\/i> <h5  class=\"\">Digitale Transformation in der PR<\/h5> <p  class=\"\">In diesem apriori Workshop lernen Sie mit welchen digitalen Tools Sie Ihre Unternehmenskommunikation zukunftsfit gestalten k\u00f6nnen.<\/p><\/div> <\/div><\/div> <\/div><\/div> <\/div><div  data-label=\"About\" data-id=\"about--2\" data-export-id=\"about-image-text\" data-category=\"about\" class=\"about-image-text content-section content-section-spacing\" id=\"about-2\" style=\"background-color: rgb(0, 0, 0); background-image: none;\"><div  class=\"gridContainer\"> <div  class=\"row\"><div  class=\"col-sm-6 flexbox-strech center-xs middle-xs no-gutter-col\"> <div  class=\"shadow-large overlap-right-large flexbox middle-xs center-xs left-img lazyload\" data-bg=\"image\" style=\"background-image:inherit;\" data-bg-image=\"url(&quot;https:\/\/www.aprioripr.com\/wp-content\/uploads\/2024\/05\/cropped-Prompting-for-AI-INSPIRED-BY-NATURE-2.jpg&quot;)\"><\/div><\/div> <div  class=\"col-sm-6 space-bottom-xs col-padding-small-xs col-sm-padding-large bg-color5 white-text content-col\" data-type=\"column\"> <h2  class=\"\"><span  style=\"color: rgb(0, 0, 0);\">Masterclass Prompting for AI @MCBW<\/span><\/h2> <p  class=\"\"><span  style=\"color: rgb(0, 0, 0);\">Am 14. Mai 2024 fand im Rahmen der Munich Creative Business Week (MCBW) eine zweist\u00fcndige Masterclass zum Thema \u201ePrompting for AI Inspired by Nature\u201c statt, die sich an Marketing Manager, PR Manager, Kommunikatoren, Art Directors, kreative Designer sowie Social Media Manager richtete.<\/span><br ><span  style=\"color: rgb(0, 0, 0);\">\nIn dieser Masterclass lernetn die Teilnehmer wie sie die KI wie u.a. Chat GPT f\u00fcr die Entwicklung komplexer Anwendungen wie Apps oder zur Entwicklung fundierter Studien, Whitepaper oder als Inspirationsquelle f\u00fcr kreative Designkonzepte nutzen k\u00f6nnen.<\/span><\/p><\/div> <\/div><\/div> <\/div><div  data-label=\"Portfolio\" data-id=\"portfolio--1\" data-export-id=\"portfolio-4\" data-category=\"portfolio\" class=\"portfolio-4 content-section content-section-spacing-top\" id=\"portfolio-1\" style=\"background-color: rgb(0, 0, 0); background-image: none;\"><div  class=\"\"> <div  class=\"row text-center\"><div  class=\"section-title-col\" data-type=\"column\">  <p  class=\"lead\" style=\"text-align: justify;\"><span  style=\"color: rgb(255, 255, 255);\">apriori pr &amp; marketing bietet eine Vielfalt an Seminaren und Workshops vom klassischen Storytelling Workshop bis hin zu Immersive Media Storytelling, Fit f\u00fcr die Kamera oder Digitale Transformation. Besuchen Sie unsere digitalen Angebote wie Webinare oder In-VR-Trainings! Starten Sie jetzt Ihre Weiterbildung mit apriori! \n<\/span><br ><br ><span  style=\"color: rgb(255, 255, 255);\">Dar\u00fcber hinaus bietet das Team von apriori pr und marketing auch in Zusammenarbeit mit folgenden Institutionen Seminare, Webinare und Online-Workshops an: IHK M\u00fcnchen und Oberbayern, Bundesregierung, #WirvsVirus Hackathon Enabler Programm, Europ\u00e4ische Kommission, #EUvsVirus Hackathon, startupanywhere, VHS St. Ingbert.<\/span><span  id=\"_mce_caret\" data-mce-bogus=\"1\" data-mce-type=\"format-caret\"><span  style=\"color: rgb(255, 255, 255);\">\ufeff<\/span><\/span><\/p><\/div> <\/div> <div  data-type=\"row\" class=\"row\" data-fixed=\"true\"> <div  class=\"col-xs-12 col-sm-3 no-gutter-col\"> <div  class=\"contentswap-effect\" data-hover-fx=\"portfolio-4\"> <div  class=\"initial-image\"> <img  data-size=\"542x360\" data-src=\"https:\/\/www.aprioripr.com\/wp-content\/uploads\/2019\/02\/cropped-cropped-IMG_7305-e1560848232316.jpg\" class=\"lazyloaded\" src=\"https:\/\/www.aprioripr.com\/wp-content\/uploads\/2024\/10\/cropped-apriori-MCBW-AI-Masterclass.jpg\"><\/div> <div  class=\"overlay bg-color1\"><\/div> <div  class=\"swap-inner col-xs-12\"> <div  class=\"row full-height-row middle-xs middle-sm\"> <div  class=\"col-xs-12 text-center content-holder\"> <a href=\"#\" target=\"_self\" rel=\"noopener noreferrer\"><i  class=\"fa icon portfolio-icon fa-search big color1\" aria-hidden=\"true\"><\/i><\/a><\/div> <\/div><\/div> <\/div><\/div> <div  class=\"col-xs-12 col-sm-3 no-gutter-col\"><div  class=\"contentswap-effect\" data-hover-fx=\"portfolio-4\"> <div  class=\"initial-image\"> <img  data-size=\"542x360\" data-src=\"https:\/\/www.aprioripr.com\/wp-content\/uploads\/2019\/04\/cropped-Keyvisual-ImmersiveMediaFridays.jpg\" class=\"lazyloaded\" src=\"https:\/\/www.aprioripr.com\/wp-content\/uploads\/2020\/05\/cropped-Bildschirmfoto-2020-05-14-um-09.58.20-1.png\"><\/div> <div  class=\"overlay bg-color1\"><\/div> <div  class=\"swap-inner col-xs-12\"> <div  class=\"row full-height-row middle-xs middle-sm\"> <div  class=\"col-xs-12 text-center content-holder\"> <a href=\"#\" target=\"_self\" rel=\"noopener noreferrer\"><i  class=\"fa icon portfolio-icon fa-search big color1\" aria-hidden=\"true\"><\/i><\/a><\/div> <\/div><\/div> <\/div><\/div>  <div  class=\"col-xs-12 col-sm-3 no-gutter-col\"><div  class=\"contentswap-effect\" data-hover-fx=\"portfolio-4\"> <div  class=\"initial-image\"> <img  data-size=\"542x360\" data-src=\"https:\/\/www.aprioripr.com\/wp-content\/uploads\/2016\/07\/cropped-Warendorf_imm_04_Christiane-Radiointerview.jpg\" class=\"lazyloaded\" src=\"https:\/\/www.aprioripr.com\/wp-content\/uploads\/2016\/07\/cropped-Warendorf_imm_04_Christiane-Radiointerview.jpg\"><\/div> <div  class=\"overlay bg-color1\"><\/div> <div  class=\"swap-inner col-xs-12\"> <div  class=\"row full-height-row middle-xs middle-sm\"> <div  class=\"col-xs-12 text-center content-holder\"> <a href=\"#\" target=\"_self\" rel=\"noopener noreferrer\"><i  class=\"fa icon portfolio-icon fa-search big color1\" aria-hidden=\"true\"><\/i><\/a><\/div> <\/div><\/div> <\/div><\/div> <div  class=\"col-xs-12 col-sm-3 no-gutter-col\"><div  class=\"contentswap-effect\" data-hover-fx=\"portfolio-4\"> <div  class=\"initial-image\"> <img  data-size=\"542x360\" data-src=\"https:\/\/www.aprioripr.com\/wp-content\/uploads\/2016\/07\/cropped-cropped-WHOSPERFECT_n24.jpg\" class=\"lazyloaded\" src=\"https:\/\/www.aprioripr.com\/wp-content\/uploads\/2016\/07\/cropped-cropped-WHOSPERFECT_n24.jpg\"><\/div> <div  class=\"overlay bg-color1\"><\/div> <div  class=\"swap-inner col-xs-12\"> <div  class=\"row full-height-row middle-xs middle-sm\"> <div  class=\"col-xs-12 text-center content-holder\"> <a href=\"#\" target=\"_self\" rel=\"noopener noreferrer\"><i  class=\"fa icon portfolio-icon fa-search big color1\" aria-hidden=\"true\"><\/i><\/a><\/div> <\/div><\/div> <\/div><\/div> <div  class=\"col-xs-12 col-sm-3 no-gutter-col\"><div  class=\"contentswap-effect\" data-hover-fx=\"portfolio-4\"> <div  class=\"initial-image\"> <img  data-size=\"542x360\" data-src=\"https:\/\/www.aprioripr.com\/wp-content\/uploads\/2016\/07\/cropped-cropped-Siemens_IFA.jpg\" class=\"lazyloaded\" src=\"https:\/\/www.aprioripr.com\/wp-content\/uploads\/2016\/07\/cropped-cropped-Siemens_IFA.jpg\"><\/div> <div  class=\"overlay bg-color1\"><\/div> <div  class=\"swap-inner col-xs-12\"> <div  class=\"row full-height-row middle-xs middle-sm\"> <div  class=\"col-xs-12 text-center content-holder\"> <a href=\"#\" target=\"_self\" rel=\"noopener noreferrer\"><i  class=\"fa icon portfolio-icon fa-search big color1\" aria-hidden=\"true\"><\/i><\/a><\/div> <\/div><\/div> <\/div><\/div> <div  class=\"col-xs-12 col-sm-3 no-gutter-col\"><div  class=\"contentswap-effect\" data-hover-fx=\"portfolio-4\"> <div  class=\"initial-image\"> <img  data-size=\"542x360\" data-src=\"https:\/\/www.aprioripr.com\/wp-content\/uploads\/2019\/02\/cropped-cropped-IMG_9840-e1560849013561.jpg\" class=\"lazyloaded\" src=\"https:\/\/www.aprioripr.com\/wp-content\/uploads\/2019\/02\/cropped-cropped-IMG_9840-e1560849013561.jpg\"><\/div> <div  class=\"overlay bg-color1\"><\/div> <div  class=\"swap-inner col-xs-12\"> <div  class=\"row full-height-row middle-xs middle-sm\"> <div  class=\"col-xs-12 text-center content-holder\"> <a href=\"#\" target=\"_self\" rel=\"noopener noreferrer\"><i  class=\"fa icon portfolio-icon fa-search big color1\" aria-hidden=\"true\"><\/i><\/a><\/div> <\/div><\/div> <\/div><\/div> <div  class=\"col-xs-12 col-sm-3 no-gutter-col\"><div  class=\"contentswap-effect\" data-hover-fx=\"portfolio-4\"> <div  class=\"initial-image\"> <img  data-size=\"542x360\" data-src=\"https:\/\/www.aprioripr.com\/wp-content\/uploads\/2019\/02\/cropped-cropped-Bild_9_DigitalFuturesTraining_Ashride_und_Ferrari.jpg\" class=\"lazyloaded\" src=\"https:\/\/www.aprioripr.com\/wp-content\/uploads\/2019\/02\/cropped-cropped-Bild_9_DigitalFuturesTraining_Ashride_und_Ferrari.jpg\"><\/div> <div  class=\"overlay bg-color1\"><\/div> <div  class=\"swap-inner col-xs-12\"> <div  class=\"row full-height-row middle-xs middle-sm\"> <div  class=\"col-xs-12 text-center content-holder\"> <a href=\"#\" target=\"_self\" rel=\"noopener noreferrer\"><i  class=\"fa icon portfolio-icon fa-search big color1\" aria-hidden=\"true\"><\/i><\/a><\/div> <\/div><\/div> <\/div><\/div> <div  class=\"col-xs-12 col-sm-3 no-gutter-col\"> <div  class=\"contentswap-effect\" data-hover-fx=\"portfolio-4\"> <div  class=\"initial-image\"> <img  data-size=\"542x360\" data-src=\"https:\/\/www.aprioripr.com\/wp-content\/uploads\/2019\/02\/cropped-cropped-IMG_7305-e1560848232316.jpg\" class=\"lazyloaded\" src=\"https:\/\/www.aprioripr.com\/wp-content\/uploads\/2019\/02\/cropped-cropped-IMG_7305-e1560848232316.jpg\"><\/div> <div  class=\"overlay bg-color1\"><\/div> <div  class=\"swap-inner col-xs-12\"> <div  class=\"row full-height-row middle-xs middle-sm\"> <div  class=\"col-xs-12 text-center content-holder\"> <a href=\"#\" target=\"_self\" rel=\"noopener noreferrer\"><i  class=\"fa icon portfolio-icon fa-search big color1\" aria-hidden=\"true\"><\/i><\/a><\/div> <\/div><\/div> <\/div><\/div><\/div><\/div> <\/div>","protected":false},"excerpt":{"rendered":"<p>KI im Marketing Online Workshops AI FOR MARKETING WORKSHOPS Lernen Sie, wie Sie k\u00fcnstliche Intelligenz nutzen k\u00f6nnen, um Ihre Marketingaktivit\u00e4ten in diesem interaktiven Online-Workshop auf das n\u00e4chste Level zu heben! Sind Sie bereit f\u00fcr die Zukunft des Marketings? In unserem dynamischen Online-Workshop erfahren Sie, wie k\u00fcnstliche Intelligenz die Branche revolutioniert und wie sie KI gezielt&hellip; <br \/> <a class=\"read-more\" href=\"https:\/\/www.aprioripr.com\/de\/workshops-2\/\">Weiterlesen<\/a><\/p>\n","protected":false},"author":3,"featured_media":0,"parent":0,"menu_order":0,"comment_status":"closed","ping_status":"closed","template":"pro\/page-templates\/full-width-page.php","meta":[],"yoast_head":"<!-- This site is optimized with the Yoast SEO Premium plugin v14.7 - https:\/\/yoast.com\/wordpress\/plugins\/seo\/ -->\n<title>Workshops | apriori pr und marketing<\/title>\n<meta name=\"description\" content=\"apriori pr und marketing Workshops auf einen Blick: KI im Marketing, Storytelling, Digital Marketing, Medientrainings\" \/>\n<meta name=\"robots\" content=\"index, follow\" \/>\n<meta name=\"googlebot\" content=\"index, follow, max-snippet:-1, max-image-preview:large, max-video-preview:-1\" \/>\n<meta name=\"bingbot\" content=\"index, follow, max-snippet:-1, max-image-preview:large, max-video-preview:-1\" \/>\n<link rel=\"canonical\" href=\"https:\/\/www.aprioripr.com\/de\/workshops-2\/\" \/>\n<meta property=\"og:locale\" content=\"de_DE\" \/>\n<meta property=\"og:type\" content=\"article\" \/>\n<meta property=\"og:title\" content=\"Workshops | apriori pr und marketing\" \/>\n<meta property=\"og:description\" content=\"apriori pr und marketing Workshops auf einen Blick: KI im Marketing, Storytelling, Digital Marketing, Medientrainings\" \/>\n<meta property=\"og:url\" content=\"https:\/\/www.aprioripr.com\/de\/workshops-2\/\" \/>\n<meta property=\"og:site_name\" content=\"apriori pr und marketing\" \/>\n<meta property=\"article:publisher\" content=\"https:\/\/www.facebook.com\/aprioriinternational\/?ref=bookmarks\" \/>\n<meta property=\"article:author\" content=\"https:\/\/www.facebook.com\/pg\/aprioriinternational\" \/>\n<meta property=\"article:modified_time\" content=\"2024-10-09T16:21:51+00:00\" \/>\n<meta property=\"og:image\" content=\"https:\/\/www.aprioripr.com\/wp-content\/uploads\/2019\/02\/cropped-cropped-IMG_7305-e1560848232316.jpg\" \/>\n<meta name=\"twitter:card\" content=\"summary_large_image\" \/>\n<meta name=\"twitter:creator\" content=\"@https:\/\/twitter.com\/aprioripr\" \/>\n<meta name=\"twitter:site\" content=\"@aprioripr\" \/>\n<script type=\"application\/ld+json\" class=\"yoast-schema-graph\">{\"@context\":\"https:\/\/schema.org\",\"@graph\":[{\"@type\":\"Organization\",\"@id\":\"https:\/\/www.aprioripr.com\/de\/#organization\",\"name\":\"apriori pr und marketing\",\"url\":\"https:\/\/www.aprioripr.com\/de\/\",\"sameAs\":[\"https:\/\/www.facebook.com\/aprioriinternational\/?ref=bookmarks\",\"https:\/\/www.instagram.com\/aprioripr\/?hl=de\",\"https:\/\/www.linkedin.com\/company\/10530298\/\",\"https:\/\/www.youtube.com\/channel\/UCzVZCt51PkhspqwzoBd7dYg\/featured?view_as=subscriber\",\"https:\/\/twitter.com\/aprioripr\"],\"logo\":{\"@type\":\"ImageObject\",\"@id\":\"https:\/\/www.aprioripr.com\/de\/#logo\",\"inLanguage\":\"de\",\"url\":\"https:\/\/www.aprioripr.com\/wp-content\/uploads\/2015\/06\/cropped-cropped-cropped-apriori-pr_and_marketing-Logo-1-1.png\",\"width\":1024,\"height\":1024,\"caption\":\"apriori pr und marketing\"},\"image\":{\"@id\":\"https:\/\/www.aprioripr.com\/de\/#logo\"}},{\"@type\":\"WebSite\",\"@id\":\"https:\/\/www.aprioripr.com\/de\/#website\",\"url\":\"https:\/\/www.aprioripr.com\/de\/\",\"name\":\"apriori pr und marketing\",\"description\":\"International Public Relations and Marketing aprioripr\",\"publisher\":{\"@id\":\"https:\/\/www.aprioripr.com\/de\/#organization\"},\"potentialAction\":[{\"@type\":\"SearchAction\",\"target\":\"https:\/\/www.aprioripr.com\/de\/?s={search_term_string}\",\"query-input\":\"required name=search_term_string\"}],\"inLanguage\":\"de\"},{\"@type\":\"ImageObject\",\"@id\":\"https:\/\/www.aprioripr.com\/de\/workshops-2\/#primaryimage\",\"inLanguage\":\"de\",\"url\":\"https:\/\/www.aprioripr.com\/wp-content\/uploads\/2019\/02\/cropped-cropped-IMG_7305-e1560848232316.jpg\",\"width\":542,\"height\":360},{\"@type\":\"WebPage\",\"@id\":\"https:\/\/www.aprioripr.com\/de\/workshops-2\/#webpage\",\"url\":\"https:\/\/www.aprioripr.com\/de\/workshops-2\/\",\"name\":\"Workshops | apriori pr und marketing\",\"isPartOf\":{\"@id\":\"https:\/\/www.aprioripr.com\/de\/#website\"},\"primaryImageOfPage\":{\"@id\":\"https:\/\/www.aprioripr.com\/de\/workshops-2\/#primaryimage\"},\"datePublished\":\"2016-07-20T17:42:27+00:00\",\"dateModified\":\"2024-10-09T16:21:51+00:00\",\"description\":\"apriori pr und marketing Workshops auf einen Blick: KI im Marketing, Storytelling, Digital Marketing, Medientrainings\",\"breadcrumb\":{\"@id\":\"https:\/\/www.aprioripr.com\/de\/workshops-2\/#breadcrumb\"},\"inLanguage\":\"de\",\"potentialAction\":[{\"@type\":\"ReadAction\",\"target\":[\"https:\/\/www.aprioripr.com\/de\/workshops-2\/\"]}]},{\"@type\":\"BreadcrumbList\",\"@id\":\"https:\/\/www.aprioripr.com\/de\/workshops-2\/#breadcrumb\",\"itemListElement\":[{\"@type\":\"ListItem\",\"position\":1,\"item\":{\"@type\":\"WebPage\",\"@id\":\"https:\/\/www.aprioripr.com\/de\/\",\"url\":\"https:\/\/www.aprioripr.com\/de\/\",\"name\":\"About\"}},{\"@type\":\"ListItem\",\"position\":2,\"item\":{\"@type\":\"WebPage\",\"@id\":\"https:\/\/www.aprioripr.com\/de\/workshops-2\/\",\"url\":\"https:\/\/www.aprioripr.com\/de\/workshops-2\/\",\"name\":\"Workshops\"}}]}]}<\/script>\n<!-- \/ Yoast SEO Premium plugin. -->","_links":{"self":[{"href":"https:\/\/www.aprioripr.com\/de\/wp-json\/wp\/v2\/pages\/3460"}],"collection":[{"href":"https:\/\/www.aprioripr.com\/de\/wp-json\/wp\/v2\/pages"}],"about":[{"href":"https:\/\/www.aprioripr.com\/de\/wp-json\/wp\/v2\/types\/page"}],"author":[{"embeddable":true,"href":"https:\/\/www.aprioripr.com\/de\/wp-json\/wp\/v2\/users\/3"}],"replies":[{"embeddable":true,"href":"https:\/\/www.aprioripr.com\/de\/wp-json\/wp\/v2\/comments?post=3460"}],"version-history":[{"count":28,"href":"https:\/\/www.aprioripr.com\/de\/wp-json\/wp\/v2\/pages\/3460\/revisions"}],"predecessor-version":[{"id":17686,"href":"https:\/\/www.aprioripr.com\/de\/wp-json\/wp\/v2\/pages\/3460\/revisions\/17686"}],"wp:attachment":[{"href":"https:\/\/www.aprioripr.com\/de\/wp-json\/wp\/v2\/media?parent=3460"}],"curies":[{"name":"wp","href":"https:\/\/api.w.org\/{rel}","templated":true}]}}