{"id":2742,"date":"2016-07-27T13:17:28","date_gmt":"2016-07-27T13:17:28","guid":{"rendered":"http:\/\/www.aprioripr.com\/?page_id=2742"},"modified":"2020-08-28T14:40:31","modified_gmt":"2020-08-28T14:40:31","slug":"publicrelation","status":"publish","type":"page","link":"https:\/\/www.aprioripr.com\/de\/publicrelation\/","title":{"rendered":"Public Relations"},"content":{"rendered":"<div  data-label=\"Overlappable\" data-id=\"overlappable--1\" data-export-id=\"overlappable-3\" data-category=\"overlappable\" class=\"overlappable-3 content-section content-section-spacing\" data-overlap=\"true\" id=\"overlappable-1\" style=\"background-color: rgb(255, 255, 255);\"><div  class=\"gridContainer\"> <div  class=\"row bg-color-white shadow-medium\"><div  class=\"col-xs-12 col-sm-6 image-col first-image-col lazyload\" data-bg=\"image\" style=\"background-image:inherit;\" data-bg-image=\"url(&quot;https:\/\/www.aprioripr.com\/wp-content\/uploads\/2020\/08\/cropped-42786200_s.jpg&quot;)\"><\/div> <div  class=\"col-xs-12 col-sm-6 content-col col-padding col-padding-xs\"> <div  class=\"col-padding\" data-type=\"column\"> <h4  class=\"\"><span  style=\"font-weight: 700;\">\u00d6ffentlichkeitsarbeit<\/span><\/h4> <p  class=\"\">Wir entwickeln Corporate PR Strategien f\u00fcr Unternehmen, CEOs und Experten  zur Positionierung in f\u00fchrenden Wirtschaftsmedien sowie in den jeweils relevanten Lifestyle- und Fachmedien. Wir unterst\u00fctzen unsere Kunden mit einer nachhaltigen und agilen Storytelling Roadmap zur Ansprache der f\u00fcr individuelle Buyer Personas jeweils interessantesten Medien und Influencern. Dar\u00fcber hinaus unterst\u00fctzen wir unsere Kunden in der Markenpositionierung durch die Entwicklung und Umsetzung von Content Strategien auf unterschiedlichsten Kan\u00e4len wie Print, Online, Social Media, TV und Radio.<\/p> <a  class=\"button color2\" href=\"#\">READ MORE<\/a><\/div> <\/div><\/div> <div  class=\"row bg-color-white shadow-medium\"><div  class=\"col-xs-12 col-sm-6 content-col col-padding col-padding-xs\"> <div  class=\"col-padding\" data-type=\"column\"><h4  class=\"\"><span  style=\"font-weight: 700;\">Public Relations<\/span><\/h4> <p  class=\"\">Mit kreativen integrierten PR- und Social Media Kampagnen treffen wir den Puls der Zeit, um Ihre Marke bei unterschiedlichen Anspruchsgruppen (Stakeholdern) wie z.B. Kunden, Mitarbeiter, Medienvertreter, Shareholdern bekannter zu machen. Wir unterst\u00fctzen Sie in der Medienarbeit, Blogger- und Influencer-Relations, Human-Relations, Vertriebs-PR, Krisen-PR, Medienbeobachtung, Online-PR.<\/p> <a  class=\"button color2\" href=\"#\">READ MORE<\/a><\/div> <\/div> <div  class=\"col-xs-12 col-sm-6 image-col second-image-col first-xs last-sm lazyload\" data-bg=\"image\" style=\"background-image:inherit;\" data-bg-image=\"url(&quot;https:\/\/www.aprioripr.com\/wp-content\/uploads\/2020\/08\/cropped-120573343_s-1.jpg&quot;)\"><\/div> <\/div><\/div> <\/div><div  data-label=\"About\" data-id=\"about--1\" data-export-id=\"about-4\" data-category=\"about\" class=\"about-4 content-section content-section-spacing\" id=\"about-1\" style=\"background-color: rgb(255, 255, 255); background-image: none;\"><div  class=\"gridContainer\"> <div  class=\"row middle-sm text-center\"><div  class=\"col-sm-5 space-bottom-xs\" data-type=\"column\"> <h5  class=\"\">Kameratraining f\u00fcr Pressesprecher, \r\n<br >CEOs und Experten<\/h5> <h2  class=\"\">Fit f\u00fcr die Medien<\/h2> <p  class=\"\">In unseren Medientrainings \u201cFit f\u00fcr die Medien\u201d trainieren wir reale Interviewsituationen mit Wirtschaftsmedien und bereiten Manager auf eine authentische und glaubw\u00fcrdige Kommunikation mit den Medien vor. Bei den Trainings handelt es sich um Einzeltrainings. Individuelle Termine k\u00f6nnen Sie gerne direkt online anfragen.&nbsp;<\/p> <a class=\"button color1\" href=\"https:\/\/www.aprioripr.com\/de\/online-termin\" target=\"_blank\" data-cp-link=\"1\" data-icon=\"\" rel=\"noopener noreferrer\">Online Termin buchen<\/a><\/div> <div  class=\"col-sm-7 flexbox center-xs middle-xs image-group-2-img\"> <img  data-size=\"250x200\" alt=\"\" title=\"cropped-cropped-Bild_1_PYD_Gewinner-Vorjahr_2018.jpg\" data-src=\"https:\/\/www.aprioripr.com\/wp-content\/uploads\/2019\/01\/cropped-cropped-Bild_1_PYD_Gewinner-Vorjahr_2018.jpg\" class=\"img-1 shadow-large lazyloaded\" src=\"https:\/\/www.aprioripr.com\/wp-content\/uploads\/2019\/01\/cropped-cropped-Bild_1_PYD_Gewinner-Vorjahr_2018.jpg\"> <img  data-size=\"220x170\" alt=\"\" title=\"cropped-135386218_s.jpg\" data-src=\"https:\/\/www.aprioripr.com\/wp-content\/uploads\/2020\/08\/cropped-135386218_s.jpg\" class=\"img-2 shadow-large lazyloaded\" src=\"https:\/\/www.aprioripr.com\/wp-content\/uploads\/2020\/08\/cropped-135386218_s.jpg\"><\/div> <\/div><\/div> <\/div>","protected":false},"excerpt":{"rendered":"<p>\u00d6ffentlichkeitsarbeit Wir entwickeln Corporate PR Strategien f\u00fcr Unternehmen, CEOs und Experten zur Positionierung in f\u00fchrenden Wirtschaftsmedien sowie in den jeweils relevanten Lifestyle- und Fachmedien. Wir unterst\u00fctzen unsere Kunden mit einer nachhaltigen und agilen Storytelling Roadmap zur Ansprache der f\u00fcr individuelle Buyer Personas jeweils interessantesten Medien und Influencern. Dar\u00fcber hinaus unterst\u00fctzen wir unsere Kunden in der&hellip; <br \/> <a class=\"read-more\" href=\"https:\/\/www.aprioripr.com\/de\/publicrelation\/\">Weiterlesen<\/a><\/p>\n","protected":false},"author":3,"featured_media":0,"parent":0,"menu_order":0,"comment_status":"closed","ping_status":"closed","template":"pro\/page-templates\/full-width-page.php","meta":[],"yoast_head":"<!-- This site is optimized with the Yoast SEO Premium plugin v14.7 - https:\/\/yoast.com\/wordpress\/plugins\/seo\/ -->\n<title>Public Relations | apriori pr und marketing<\/title>\n<meta name=\"description\" content=\"Das aprioripr-Team entwickelt sowohl f\u00fcr Startups als auch etablierte Konzerne internationale Corporate PR Strategien. apriorir pr gestaltet und entwickelt zudem Corporate Blogs und Webseiten inklusive Content Generierung und Content Management.\" \/>\n<meta name=\"robots\" content=\"index, follow\" \/>\n<meta name=\"googlebot\" content=\"index, follow, max-snippet:-1, max-image-preview:large, max-video-preview:-1\" \/>\n<meta name=\"bingbot\" content=\"index, follow, max-snippet:-1, max-image-preview:large, max-video-preview:-1\" \/>\n<link rel=\"canonical\" href=\"https:\/\/www.aprioripr.com\/de\/publicrelation\/\" \/>\n<meta property=\"og:locale\" content=\"de_DE\" \/>\n<meta property=\"og:type\" content=\"article\" \/>\n<meta property=\"og:title\" content=\"Public Relations | apriori pr und marketing\" \/>\n<meta property=\"og:description\" content=\"Das aprioripr-Team entwickelt sowohl f\u00fcr Startups als auch etablierte Konzerne internationale Corporate PR Strategien. apriorir pr gestaltet und entwickelt zudem Corporate Blogs und Webseiten inklusive Content Generierung und Content Management.\" \/>\n<meta property=\"og:url\" content=\"https:\/\/www.aprioripr.com\/de\/publicrelation\/\" \/>\n<meta property=\"og:site_name\" content=\"apriori pr und marketing\" \/>\n<meta property=\"article:publisher\" content=\"https:\/\/www.facebook.com\/aprioriinternational\/?ref=bookmarks\" \/>\n<meta property=\"article:author\" content=\"https:\/\/www.facebook.com\/pg\/aprioriinternational\" \/>\n<meta property=\"article:modified_time\" content=\"2020-08-28T14:40:31+00:00\" \/>\n<meta property=\"og:image\" content=\"https:\/\/www.aprioripr.com\/wp-content\/uploads\/2019\/01\/cropped-cropped-Bild_1_PYD_Gewinner-Vorjahr_2018.jpg\" \/>\n<meta name=\"twitter:card\" content=\"summary_large_image\" \/>\n<meta name=\"twitter:creator\" content=\"@https:\/\/twitter.com\/aprioripr\" \/>\n<meta name=\"twitter:site\" content=\"@aprioripr\" \/>\n<script type=\"application\/ld+json\" class=\"yoast-schema-graph\">{\"@context\":\"https:\/\/schema.org\",\"@graph\":[{\"@type\":\"Organization\",\"@id\":\"https:\/\/www.aprioripr.com\/de\/#organization\",\"name\":\"apriori pr und marketing\",\"url\":\"https:\/\/www.aprioripr.com\/de\/\",\"sameAs\":[\"https:\/\/www.facebook.com\/aprioriinternational\/?ref=bookmarks\",\"https:\/\/www.instagram.com\/aprioripr\/?hl=de\",\"https:\/\/www.linkedin.com\/company\/10530298\/\",\"https:\/\/www.youtube.com\/channel\/UCzVZCt51PkhspqwzoBd7dYg\/featured?view_as=subscriber\",\"https:\/\/twitter.com\/aprioripr\"],\"logo\":{\"@type\":\"ImageObject\",\"@id\":\"https:\/\/www.aprioripr.com\/de\/#logo\",\"inLanguage\":\"de\",\"url\":\"https:\/\/www.aprioripr.com\/wp-content\/uploads\/2015\/06\/cropped-cropped-cropped-apriori-pr_and_marketing-Logo-1-1.png\",\"width\":1024,\"height\":1024,\"caption\":\"apriori pr und marketing\"},\"image\":{\"@id\":\"https:\/\/www.aprioripr.com\/de\/#logo\"}},{\"@type\":\"WebSite\",\"@id\":\"https:\/\/www.aprioripr.com\/de\/#website\",\"url\":\"https:\/\/www.aprioripr.com\/de\/\",\"name\":\"apriori pr und marketing\",\"description\":\"International Public Relations and Marketing aprioripr\",\"publisher\":{\"@id\":\"https:\/\/www.aprioripr.com\/de\/#organization\"},\"potentialAction\":[{\"@type\":\"SearchAction\",\"target\":\"https:\/\/www.aprioripr.com\/de\/?s={search_term_string}\",\"query-input\":\"required name=search_term_string\"}],\"inLanguage\":\"de\"},{\"@type\":\"ImageObject\",\"@id\":\"https:\/\/www.aprioripr.com\/de\/publicrelation\/#primaryimage\",\"inLanguage\":\"de\",\"url\":\"https:\/\/www.aprioripr.com\/wp-content\/uploads\/2019\/01\/cropped-cropped-Bild_1_PYD_Gewinner-Vorjahr_2018.jpg\",\"width\":1363,\"height\":1089},{\"@type\":\"WebPage\",\"@id\":\"https:\/\/www.aprioripr.com\/de\/publicrelation\/#webpage\",\"url\":\"https:\/\/www.aprioripr.com\/de\/publicrelation\/\",\"name\":\"Public Relations | apriori pr und marketing\",\"isPartOf\":{\"@id\":\"https:\/\/www.aprioripr.com\/de\/#website\"},\"primaryImageOfPage\":{\"@id\":\"https:\/\/www.aprioripr.com\/de\/publicrelation\/#primaryimage\"},\"datePublished\":\"2016-07-27T13:17:28+00:00\",\"dateModified\":\"2020-08-28T14:40:31+00:00\",\"description\":\"Das aprioripr-Team entwickelt sowohl f\\u00fcr Startups als auch etablierte Konzerne internationale Corporate PR Strategien. apriorir pr gestaltet und entwickelt zudem Corporate Blogs und Webseiten inklusive Content Generierung und Content Management.\",\"breadcrumb\":{\"@id\":\"https:\/\/www.aprioripr.com\/de\/publicrelation\/#breadcrumb\"},\"inLanguage\":\"de\",\"potentialAction\":[{\"@type\":\"ReadAction\",\"target\":[\"https:\/\/www.aprioripr.com\/de\/publicrelation\/\"]}]},{\"@type\":\"BreadcrumbList\",\"@id\":\"https:\/\/www.aprioripr.com\/de\/publicrelation\/#breadcrumb\",\"itemListElement\":[{\"@type\":\"ListItem\",\"position\":1,\"item\":{\"@type\":\"WebPage\",\"@id\":\"https:\/\/www.aprioripr.com\/de\/\",\"url\":\"https:\/\/www.aprioripr.com\/de\/\",\"name\":\"About\"}},{\"@type\":\"ListItem\",\"position\":2,\"item\":{\"@type\":\"WebPage\",\"@id\":\"https:\/\/www.aprioripr.com\/de\/publicrelation\/\",\"url\":\"https:\/\/www.aprioripr.com\/de\/publicrelation\/\",\"name\":\"Pressearbeit\"}}]}]}<\/script>\n<!-- \/ Yoast SEO Premium plugin. -->","_links":{"self":[{"href":"https:\/\/www.aprioripr.com\/de\/wp-json\/wp\/v2\/pages\/2742"}],"collection":[{"href":"https:\/\/www.aprioripr.com\/de\/wp-json\/wp\/v2\/pages"}],"about":[{"href":"https:\/\/www.aprioripr.com\/de\/wp-json\/wp\/v2\/types\/page"}],"author":[{"embeddable":true,"href":"https:\/\/www.aprioripr.com\/de\/wp-json\/wp\/v2\/users\/3"}],"replies":[{"embeddable":true,"href":"https:\/\/www.aprioripr.com\/de\/wp-json\/wp\/v2\/comments?post=2742"}],"version-history":[{"count":27,"href":"https:\/\/www.aprioripr.com\/de\/wp-json\/wp\/v2\/pages\/2742\/revisions"}],"predecessor-version":[{"id":14533,"href":"https:\/\/www.aprioripr.com\/de\/wp-json\/wp\/v2\/pages\/2742\/revisions\/14533"}],"wp:attachment":[{"href":"https:\/\/www.aprioripr.com\/de\/wp-json\/wp\/v2\/media?parent=2742"}],"curies":[{"name":"wp","href":"https:\/\/api.w.org\/{rel}","templated":true}]}}