{"id":17530,"date":"2024-06-11T16:10:29","date_gmt":"2024-06-11T16:10:29","guid":{"rendered":"https:\/\/www.aprioripr.com\/?page_id=17530"},"modified":"2024-06-19T11:04:36","modified_gmt":"2024-06-19T11:04:36","slug":"erfolgsgeschichten","status":"publish","type":"page","link":"https:\/\/www.aprioripr.com\/de\/erfolgsgeschichten\/","title":{"rendered":"Erfolgsgeschichten"},"content":{"rendered":"<div data-label=\"Overlappable\" data-id=\"overlappable--1\" data-export-id=\"overlappable-3\" data-category=\"overlappable\" class=\"overlappable-3 content-section content-section-spacing\" data-overlap=\"true\" id=\"overlappable-1\" style=\"background-color: rgb(255, 255, 255);\">\n<div class=\"gridContainer\">\n<div class=\"row bg-color-white shadow-medium\">\n<div class=\"col-xs-12 col-sm-6 image-col first-image-col lazyload\" data-bg=\"image\" style=\"background-image:inherit;\" data-bg-image=\"url(&quot;https:\/\/www.aprioripr.com\/wp-content\/uploads\/2024\/06\/cropped-21-0162793_16x9.jpg&quot;)\"><\/div>\n<div class=\"col-xs-12 col-sm-6 content-col col-padding col-padding-xs\">\n<div class=\"col-padding\" data-type=\"column\">\n<h4 class=\"\"><span style=\"font-weight: 700;\">Steelcase \u2013 Helping the world work better<\/span><span id=\"_mce_caret\" data-mce-bogus=\"1\" data-mce-type=\"format-caret\"><span style=\"font-weight: 700;\">\ufeff<\/span><\/span><\/h4>\n<p class=\"\">apriori pr und marketing entwickelt f\u00fcr Steelcase, den internationalen Marktf\u00fchrer im Bereich Arbeitsplatzdesign die Strategie f\u00fcr die B2B PR im DACH Raum. Dies umfasst die Erstellung \u00fcberzeugender Pressemitteilungen, die Sicherstellung von Medienberichterstattungen in Deutschland, \u00d6sterreich und der Schweiz in f\u00fchrenden Publikationen und die Organisation von Presseveranstaltungen, um die innovativen Produkte und L\u00f6sungen von Steelcase zu pr\u00e4sentieren. Das apriori Team entwickelt Strategien f\u00fcr die CEO PR, Thought-Leadership und positioniert die Steelcase Experten in Wirtschafts- und Fachmedien.&nbsp;<\/p>\n <a class=\"button color1\" href=\"https:\/\/www.steelcase.com\/eu-de\" target=\"_blank\" data-cp-link=\"1\" data-icon=\"\" rel=\"noopener\">\u00dcber Steelcase<\/a>\n\n<\/div>\n<\/div>\n<\/div>\n<div class=\"row bg-color-white shadow-medium\">\n<div class=\"col-xs-12 col-sm-6 content-col col-padding col-padding-xs\">\n<div class=\"col-padding\" data-type=\"column\">\n<h4 class=\"\"><span style=\"font-weight: 700;\">B2B PR und Influencer Relations<\/span><\/h4>\n<p class=\"\">apriori erkannte die Kraft des Influencer Marketings auch f\u00fcr das B2B Marketing und engagierte ausgew\u00e4hlte Influencer in den Bereichen Design, Architektur und Wirtschaft. Durch Platzierungen in spezialisierten Medien wird Steelcase als Vordenker positioniert, was die Marke bei Entscheidern und Fachleuten bekannt macht und das Interesse an den Workplace Designs von Steelcase steigert.<\/p>\n <a class=\"button color1\" href=\"https:\/\/www.instagram.com\/reel\/C4zt29stxcz?utm_source=ig_web_copy_link&amp;igsh=MzRlODBiNWFlZA\" target=\"_blank\" data-cp-link=\"1\" data-icon=\"\" rel=\"noopener\">Watch this video<\/a>\n\n<\/div>\n<\/div>\n<div class=\"col-xs-12 col-sm-6 image-col second-image-col first-xs last-sm lazyload\" data-bg=\"image\" style=\"background-image:inherit;\" data-bg-image=\"url(&quot;https:\/\/www.aprioripr.com\/wp-content\/uploads\/2024\/06\/23-0206740.jpg&quot;)\"><\/div>\n<\/div>\n<\/div>\n<\/div>\n<div data-label=\"Overlappable\" data-id=\"overlappable--2\" data-export-id=\"overlappable-3\" data-category=\"overlappable\" class=\"overlappable-3 content-section content-section-spacing\" data-overlap=\"true\" id=\"overlappable-2\" style=\"background-color: rgb(255, 255, 255);\">\n<div class=\"gridContainer\">\n<div class=\"row bg-color-white shadow-medium\">\n<div class=\"col-xs-12 col-sm-6 image-col first-image-col lazyload\" data-bg=\"image\" style=\"background-image:inherit;\" data-bg-image=\"url(&quot;https:\/\/www.aprioripr.com\/wp-content\/uploads\/2024\/06\/Munich-Re-Logo-Ausschnitt.png&quot;)\"><\/div>\n<div class=\"col-xs-12 col-sm-6 content-col col-padding col-padding-xs\">\n<div class=\"col-padding\" data-type=\"column\">\n<h4 class=\"\"><span style=\"font-weight: 700;\">Munich Re Talaria<\/span>\n<span style=\"font-weight: 700;\">\nEmbedded Finance and Insurance<\/span><\/h4>\n<p class=\"\">F\u00fcr das Corporate Startup Talaria der MunichRe realisierte apriori pr und marketing die internationale B2B PR in Wirtschafts- und Finanzmedien. Ein Whitepaper \u00fcber Factoring und Embedded Finance wurde entwickelt und LinkedIn-Inhalte zur Ansprache von B2B-Partnern gestaltet. apriori pr und marketing f\u00fchrte auch die internationale Launch-Kommunikation mit neuen B2B-Partnern in Spanien und Benelux durch.<\/p>\n <a class=\"button color1\" href=\"https:\/\/www.munichre.com\/en\/solutions\/for-industry-clients\/talaria.html\" target=\"_blank\" data-cp-link=\"1\" data-icon=\"\" rel=\"noopener\">Zur Munich Re Website<\/a>\n\n<\/div>\n<\/div>\n<\/div>\n<div class=\"row bg-color-white shadow-medium\">\n<div class=\"col-xs-12 col-sm-6 content-col col-padding col-padding-xs\">\n<div class=\"col-padding\" data-type=\"column\">\n<h4 class=\"\"><span style=\"font-weight: 700;\">Internationale B2B PR und LinkedIn Strategie<\/span><span id=\"_mce_caret\" data-mce-bogus=\"1\" data-mce-type=\"format-caret\"><span style=\"font-weight: 700;\">\ufeff<\/span><\/span><\/h4>\n<p class=\"\">F\u00fcr Munich Re Talaria entwickelte das apriori-Team ein neues Brand- und Grafikdesign und produzierte neue Markenassets und Werbematerialien f\u00fcr internationale Fachmessen im Bereich Trade Finance und Embedded Finance.<\/p>\n\n<\/div>\n<\/div>\n<div class=\"col-xs-12 col-sm-6 image-col second-image-col first-xs last-sm lazyload\" data-bg=\"image\" style=\"background-image:inherit;\" data-bg-image=\"url(&quot;https:\/\/www.aprioripr.com\/wp-content\/uploads\/2022\/08\/Talaria-Logo-schmal-scaled.jpg&quot;)\"><\/div>\n<\/div>\n<\/div>\n<\/div>\n<div data-label=\"Overlappable\" data-id=\"overlappable--3\" data-export-id=\"overlappable-3\" data-category=\"overlappable\" class=\"overlappable-3 content-section content-section-spacing\" data-overlap=\"true\" id=\"overlappable-3\" style=\"background-color: rgb(255, 255, 255);\">\n<div class=\"gridContainer\">\n<div class=\"row bg-color-white shadow-medium\">\n<div class=\"col-xs-12 col-sm-6 image-col first-image-col lazyload\" data-bg=\"image\" style=\"background-image:inherit;\" data-bg-image=\"url(&quot;https:\/\/www.aprioripr.com\/wp-content\/uploads\/2024\/06\/cropped-Design-ohne-Titel-7.jpg&quot;)\"><\/div>\n<div class=\"col-xs-12 col-sm-6 content-col col-padding col-padding-xs\">\n<div class=\"col-padding\" data-type=\"column\">\n<h4 class=\"\"><span style=\"font-weight: 700;\">Spray it your way \u2013 Bike Art und Crowd Design Event f\u00fcr die spanische Marke Santafixie<\/span><\/h4>\n<p class=\"\">F\u00fcr den spanischen Fahrradhersteller realisierte apriori kreative Aktivit\u00e4ten zur Markenf\u00f6rderung in verschiedenen deutschen St\u00e4dten durch wie M\u00fcnchen, D\u00fcsseldorf und Frankfurt, darunter das \u201eSpray it your way\u201c-Event mit einer Crowd Design Aktion. Zudem realisierte das Team von apriori pr und marketing Fotoshootings in den drei deutschen St\u00e4dten, um aus den kreativen Shots insgesamt drei virtuell begehbare Digital Bike Art Ausstellungen zu kreieren.<\/p>\n <a class=\"button color1\" href=\"https:\/\/youtu.be\/0uAi_pMUybk?si=2rxQfdwQ9WxPbP4c\" target=\"_blank\" data-cp-link=\"1\" data-icon=\"\" rel=\"noopener\">Zum Video<\/a>\n\n<\/div>\n<\/div>\n<\/div>\n<div class=\"row bg-color-white shadow-medium\">\n<div class=\"col-xs-12 col-sm-6 content-col col-padding col-padding-xs\">\n<div class=\"col-padding\" data-type=\"column\">\n<h4 class=\"\"><span style=\"font-weight: 700;\">B2B PR, B2C PR und Influencer Relations<\/span><\/h4>\n<p class=\"\">Durch Platzierungen in Nischenpublikationen f\u00fcr Radfahren, urbane Mobilit\u00e4t, Kunst und Nachhaltigkeit sowie Kooperationen mit Lifestyle Influencern positionierte apriori pr und marketing die spanische Marke Santafixie als f\u00fchrend in diesen Bereichen, wodurch die Marke bei Fachleuten und potenziellen Gesch\u00e4ftspartnern an Glaubw\u00fcrdigkeit und Interesse gewann.<\/p>\n <a class=\"button color1\" href=\"https:\/\/www.artsteps.com\/explore?search=Santafixie\" target=\"_blank\" data-cp-link=\"1\" data-icon=\"\" rel=\"noopener\">Zu den Digital Bike Art Ausstellungen<\/a>\n\n<\/div>\n<\/div>\n<div class=\"col-xs-12 col-sm-6 image-col second-image-col first-xs last-sm lazyload\" data-bg=\"image\" style=\"background-image:inherit;\" data-bg-image=\"url(&quot;https:\/\/www.aprioripr.com\/wp-content\/uploads\/2024\/06\/Santafixie_Urban_Art_Bike_Gallery_Duesseldorf1-scaled.webp&quot;)\"><\/div>\n<\/div>\n<\/div>\n<\/div>\n<div data-label=\"Overlappable\" data-id=\"overlappable--4\" data-export-id=\"overlappable-3\" data-category=\"overlappable\" class=\"overlappable-3 content-section content-section-spacing\" data-overlap=\"true\" id=\"overlappable-4\" style=\"background-color: rgb(255, 255, 255);\">\n<div class=\"gridContainer\">\n<div class=\"row bg-color-white shadow-medium\">\n<div class=\"col-xs-12 col-sm-6 image-col first-image-col lazyload\" data-bg=\"image\" style=\"background-image:inherit;\" data-bg-image=\"url(&quot;https:\/\/www.aprioripr.com\/wp-content\/uploads\/2024\/06\/cropped-Bildschirmfoto-2024-06-11-um-17.37.39-scaled.webp&quot;)\"><\/div>\n<div class=\"col-xs-12 col-sm-6 content-col col-padding col-padding-xs\">\n<div class=\"col-padding\" data-type=\"column\">\n<h4 class=\"\"><span style=\"font-weight: 700;\">Kinofilm Kampagne \u201cTraumberufe\u201d<\/span><\/h4>\n<p class=\"\">F\u00fcr die Versicherungsgruppe Die Bayerische und die NGO Schule f\u00fcr Morgen entwickelte apriori pr und marketing eine Marketingstrategie zur Inspiration von Sch\u00fclern durch den Kino-Film \u201eTraumberufe\u201c, der diverse Berufsm\u00f6glichkeiten aufzeigt.<\/p>\n <a class=\"button color1\" href=\"https:\/\/youtu.be\/n41jaYmIHVc?si=YGS3ozk9X0HgKyGN\" target=\"_blank\" data-cp-link=\"1\" data-icon=\"\" rel=\"noopener\">Zum Trailer<\/a>\n\n<\/div>\n<\/div>\n<\/div>\n<div class=\"row bg-color-white shadow-medium\">\n<div class=\"col-xs-12 col-sm-6 content-col col-padding col-padding-xs\">\n<div class=\"col-padding\" data-type=\"column\">\n<h4 class=\"\"><span style=\"font-weight: 700;\">Kinofilmproduktion und Kinoevents<\/span><span id=\"_mce_caret\" data-mce-bogus=\"1\" data-mce-type=\"format-caret\"><span style=\"font-weight: 700;\">\ufeff<\/span><\/span><\/h4>\n<p class=\"\">Das apriori-Team leitete den gesamten Produktionsprozess des Films, von der Besetzung bis zum Dreh, und w\u00e4hlte dynamische Fachleute aus verschiedenen Berufsfeldern aus, um den Film authentisch und inspirierend zu gestalten. Gedreht wurde u.a. f\u00fcr den Beruf Pilot beim Lufthansa Training and Aviation Center, f\u00fcr den Beruf des Chemikers und Ingenieurs bei Nano Dimension, f\u00fcr den Beruf des Models in Los Angeles und M\u00fcnchen, f\u00fcr den Beruf der VR Content Managerin in M\u00fcnchen.<\/p>\n <a class=\"button color1\" href=\"https:\/\/traumberufe-im-kino.de\" target=\"_blank\" data-cp-link=\"1\" data-icon=\"\" rel=\"noopener\">Zur Projektwebseite<\/a>\n\n<\/div>\n<\/div>\n<div class=\"col-xs-12 col-sm-6 image-col second-image-col first-xs last-sm lazyload\" data-bg=\"image\" style=\"background-image:inherit;\" data-bg-image=\"url(&quot;https:\/\/www.aprioripr.com\/wp-content\/uploads\/2022\/12\/cropped-Traumberufe_Kino_Keyvisual-scaled-1.webp&quot;)\"><\/div>\n<\/div>\n<\/div>\n<\/div>\n<div data-label=\"Overlappable\" data-id=\"overlappable--5\" data-export-id=\"overlappable-3\" data-category=\"overlappable\" class=\"overlappable-3 content-section content-section-spacing\" data-overlap=\"true\" id=\"overlappable-5\" style=\"background-color: rgb(255, 255, 255);\">\n<div class=\"gridContainer\">\n<div class=\"row bg-color-white shadow-medium\">\n<div class=\"col-xs-12 col-sm-6 image-col first-image-col lazyload\" data-bg=\"image\" style=\"background-image:inherit;\" data-bg-image=\"url(&quot;https:\/\/www.aprioripr.com\/wp-content\/uploads\/2015\/06\/Bild_10_Teilnehmer_Digital_Futures_Programm_erhalten_Zertifikat_bei_Ferrari-2.jpg&quot;)\"><\/div>\n<div class=\"col-xs-12 col-sm-6 content-col col-padding col-padding-xs\">\n<div class=\"col-padding\" data-type=\"column\">\n<h4 class=\"\"><span style=\"font-weight: 700;\">Digital Futures Ashridge und Ferrari<\/span><\/h4>\n<p class=\"\">Ashridge Executive Education, ein f\u00fchrender Anbieter in der F\u00fchrungskr\u00e4fteentwicklung aus dem Vereinigten K\u00f6nigreich, hat sich mit Ferrari, der italienischen Designikone, zusammengetan, um ein innovatives dreit\u00e4giges Trainingsprogramm namens \u201eDigital Futures Training\u201c zu entwickeln. Dieses Programm zielt darauf ab, Manager mit den F\u00e4higkeiten und der Denkweise auszustatten, die erforderlich sind, um eine Kultur der digitalen Transformation zu f\u00f6rdern. apriori pr und marketing entwickelte dazu eine kreative Marketingkampagne, die sowohl die PR, eine Pressereise, eine Social Media Challenge, die Webseite-Erstellung als auch das Eventmanagement und den Awardprozess umfasste.<\/p>\n <a class=\"button color1\" href=\"https:\/\/youtu.be\/Ss91KmzFPtQ?si=jFJ12mQoXozQWLoL\" target=\"_self\" data-cp-link=\"1\" data-icon=\"\" rel=\"noopener\">Zum Video<\/a>\n\n<\/div>\n<\/div>\n<\/div>\n<div class=\"row bg-color-white shadow-medium\">\n<div class=\"col-xs-12 col-sm-6 content-col col-padding col-padding-xs\">\n<div class=\"col-padding\" data-type=\"column\">\n<h4 class=\"\"><span style=\"font-weight: 700;\">Die Digital Transformer Challenge<\/span><\/h4>\n<p class=\"\">Die strategische und kreative Herangehensweise von apriori pr und marketing resultierte im Launch der &#8222;Digital Transformer Challenge&#8220;. Durch die Nutzung einer dynamischen Social-Media-Challenge, umfassender PR-Ma\u00dfnahmen und einer ansprechenden Pressereise steigerte apriori die Sichtbarkeit und Attraktivit\u00e4t des Programms erheblich. Dieser Erfolg unterstrich nicht nur die Bedeutung der digitalen Transformation, sondern legte auch eine starke Grundlage f\u00fcr zuk\u00fcnftige Kooperationen und Initiativen der beiden Marken.<\/p>\n <a class=\"button color1\" href=\"https:\/\/www.wuv.de\/Archiv\/Ferrari-und-Ashridge-suchen-Digital-Transformer\" target=\"_blank\" data-cp-link=\"1\" data-icon=\"\" rel=\"noopener\">Presseberichte<\/a>\n\n<\/div>\n<\/div>\n<div class=\"col-xs-12 col-sm-6 image-col second-image-col first-xs last-sm lazyload\" data-bg=\"image\" style=\"background-image:inherit;\" data-bg-image=\"url(&quot;https:\/\/www.aprioripr.com\/wp-content\/uploads\/2018\/09\/cropped-Bild_1_Digital-Transformer-2018-Balazs-Honti-mit-den-Jurymitgliedern-Tanja-Levine_Vice-President-Ashridge-Executive-Education-und-Dennis-de-Munck_Talent-Acquistion-Director-Ferrari.jpg&quot;)\"><\/div>\n<\/div>\n<\/div>\n<\/div>\n<div data-label=\"Overlappable\" data-id=\"overlappable--6\" data-export-id=\"overlappable-3\" data-category=\"overlappable\" class=\"overlappable-3 content-section content-section-spacing\" data-overlap=\"true\" id=\"overlappable-6\" style=\"background-color: rgb(255, 255, 255);\">\n<div class=\"gridContainer\">\n<div class=\"row bg-color-white shadow-medium\">\n<div class=\"col-xs-12 col-sm-6 image-col first-image-col lazyload\" data-bg=\"image\" style=\"background-image:inherit;\" data-bg-image=\"url(&quot;https:\/\/www.aprioripr.com\/wp-content\/uploads\/2021\/06\/Drivenbythesun-SonoMotors.jpg&quot;)\"><\/div>\n<div class=\"col-xs-12 col-sm-6 content-col col-padding col-padding-xs\">\n<div class=\"col-padding\" data-type=\"column\">\n<h4 class=\"\"><span style=\"font-weight: 700;\">Driven by the Sun Pressdays f\u00fcr Sono Motors<\/span><\/h4>\n<p class=\"\">F\u00fcr Sono Motors organisierte apriori eine Reihe von Pressetagen in deutschen St\u00e4dten, um das Prototypenfahrzeug SION zu pr\u00e4sentieren und Medienberichterstattungen zu generieren. Die strategische Planung und Durchf\u00fchrung dieser Veranstaltungen f\u00fchrte zu weitreichender Medienberichterstattung und gesteigertem Interesse an dem innovativen Solar-Elektrofahrzeug.<\/p>\n <a class=\"button color1\" href=\"https:\/\/youtu.be\/uKQnHHvk3fM?si=k65TH788qNTzCoOj\" target=\"_blank\" data-cp-link=\"1\" data-icon=\"\" rel=\"noopener\">Influencer Videos<\/a>\n\n<\/div>\n<\/div>\n<\/div>\n<div class=\"row bg-color-white shadow-medium\">\n<div class=\"col-xs-12 col-sm-6 content-col col-padding col-padding-xs\">\n<div class=\"col-padding\" data-type=\"column\">\n<h4 class=\"\"><span style=\"font-weight: 700;\">Community PR und B2B PR<\/span><\/h4>\n<p class=\"\">Die strategische Planung und Durchf\u00fchrung der Pressetage durch apriori pr und marketing brachte den SION-Prototyp von Sono Motors erfolgreich ins Rampenlicht. Durch die Schaffung wirkungsvoller und ansprechender Veranstaltungen erzielten sie eine weitreichende Medienberichterstattung und verst\u00e4rktes Interesse an dem innovativen Solar-Elektrofahrzeug. Diese Erfolgsgeschichte unterstreicht aprioris F\u00e4higkeit, erhebliche Sichtbarkeit und Engagement f\u00fcr technologische Fortschritte in der Automobilindustrie zu erzielen. Dar\u00fcber hinaus zeichnete sich apriori f\u00fcr die PR f\u00fcr das B2B-Gesch\u00e4ft von Sono Motors, einschlie\u00dflich der Kooperation mit MAN und der Stadt Utrecht verantwortlich.<\/p>\n <a class=\"button color1\" href=\"https:\/\/sonomotors.com\/de\" target=\"_blank\" data-cp-link=\"1\" data-icon=\"\" rel=\"noopener\">\u00dcber Sono Motors<\/a>\n\n<\/div>\n<\/div>\n<div class=\"col-xs-12 col-sm-6 image-col second-image-col first-xs last-sm lazyload\" data-bg=\"image\" style=\"background-image:inherit;\" data-bg-image=\"url(&quot;https:\/\/www.aprioripr.com\/wp-content\/uploads\/2015\/06\/cropped-Prototype_Experience_SonoMotors_Einladung.jpg&quot;)\"><\/div>\n<\/div>\n<\/div>\n<\/div>","protected":false},"excerpt":{"rendered":"<p>Steelcase \u2013 Helping the world work better\ufeff apriori pr und marketing entwickelt f\u00fcr Steelcase, den internationalen Marktf\u00fchrer im Bereich Arbeitsplatzdesign die Strategie f\u00fcr die B2B PR im DACH Raum. Dies umfasst die Erstellung \u00fcberzeugender Pressemitteilungen, die Sicherstellung von Medienberichterstattungen in Deutschland, \u00d6sterreich und der Schweiz in f\u00fchrenden Publikationen und die Organisation von Presseveranstaltungen, um die&hellip; <br \/> <a class=\"read-more\" href=\"https:\/\/www.aprioripr.com\/de\/erfolgsgeschichten\/\">Weiterlesen<\/a><\/p>\n","protected":false},"author":3,"featured_media":0,"parent":0,"menu_order":0,"comment_status":"closed","ping_status":"closed","template":"pro\/page-templates\/full-width-page.php","meta":[],"yoast_head":"<!-- This site is optimized with the Yoast SEO Premium plugin v14.7 - https:\/\/yoast.com\/wordpress\/plugins\/seo\/ -->\n<title>Erfolgsgeschichten | apriori pr und marketing<\/title>\n<meta name=\"description\" content=\"apriori pr und marketing ist eine international t\u00e4tige PR- und Marketing Agentur mit Sitz in M\u00fcnchen und im Saar\/Lor\/Lux Raum.\" \/>\n<meta name=\"robots\" content=\"index, follow\" \/>\n<meta name=\"googlebot\" content=\"index, follow, max-snippet:-1, max-image-preview:large, max-video-preview:-1\" \/>\n<meta name=\"bingbot\" content=\"index, follow, max-snippet:-1, max-image-preview:large, max-video-preview:-1\" \/>\n<link rel=\"canonical\" href=\"https:\/\/www.aprioripr.com\/de\/erfolgsgeschichten\/\" \/>\n<meta property=\"og:locale\" content=\"de_DE\" \/>\n<meta property=\"og:type\" content=\"article\" \/>\n<meta property=\"og:title\" content=\"Erfolgsgeschichten | apriori pr und marketing\" \/>\n<meta property=\"og:description\" content=\"apriori pr und marketing ist eine international t\u00e4tige PR- und Marketing Agentur mit Sitz in M\u00fcnchen und im Saar\/Lor\/Lux Raum.\" \/>\n<meta property=\"og:url\" content=\"https:\/\/www.aprioripr.com\/de\/erfolgsgeschichten\/\" \/>\n<meta property=\"og:site_name\" content=\"apriori pr und marketing\" \/>\n<meta property=\"article:publisher\" content=\"https:\/\/www.facebook.com\/aprioriinternational\/?ref=bookmarks\" \/>\n<meta property=\"article:author\" content=\"https:\/\/www.facebook.com\/pg\/aprioriinternational\" \/>\n<meta property=\"article:modified_time\" content=\"2024-06-19T11:04:36+00:00\" \/>\n<meta name=\"twitter:card\" content=\"summary_large_image\" \/>\n<meta name=\"twitter:creator\" content=\"@https:\/\/twitter.com\/aprioripr\" \/>\n<meta name=\"twitter:site\" content=\"@aprioripr\" \/>\n<script type=\"application\/ld+json\" class=\"yoast-schema-graph\">{\"@context\":\"https:\/\/schema.org\",\"@graph\":[{\"@type\":\"Organization\",\"@id\":\"https:\/\/www.aprioripr.com\/de\/#organization\",\"name\":\"apriori pr und marketing\",\"url\":\"https:\/\/www.aprioripr.com\/de\/\",\"sameAs\":[\"https:\/\/www.facebook.com\/aprioriinternational\/?ref=bookmarks\",\"https:\/\/www.instagram.com\/aprioripr\/?hl=de\",\"https:\/\/www.linkedin.com\/company\/10530298\/\",\"https:\/\/www.youtube.com\/channel\/UCzVZCt51PkhspqwzoBd7dYg\/featured?view_as=subscriber\",\"https:\/\/twitter.com\/aprioripr\"],\"logo\":{\"@type\":\"ImageObject\",\"@id\":\"https:\/\/www.aprioripr.com\/de\/#logo\",\"inLanguage\":\"de\",\"url\":\"https:\/\/www.aprioripr.com\/wp-content\/uploads\/2015\/06\/cropped-cropped-cropped-apriori-pr_and_marketing-Logo-1-1.png\",\"width\":1024,\"height\":1024,\"caption\":\"apriori pr und marketing\"},\"image\":{\"@id\":\"https:\/\/www.aprioripr.com\/de\/#logo\"}},{\"@type\":\"WebSite\",\"@id\":\"https:\/\/www.aprioripr.com\/de\/#website\",\"url\":\"https:\/\/www.aprioripr.com\/de\/\",\"name\":\"apriori pr und marketing\",\"description\":\"International Public Relations and Marketing aprioripr\",\"publisher\":{\"@id\":\"https:\/\/www.aprioripr.com\/de\/#organization\"},\"potentialAction\":[{\"@type\":\"SearchAction\",\"target\":\"https:\/\/www.aprioripr.com\/de\/?s={search_term_string}\",\"query-input\":\"required name=search_term_string\"}],\"inLanguage\":\"de\"},{\"@type\":\"WebPage\",\"@id\":\"https:\/\/www.aprioripr.com\/de\/erfolgsgeschichten\/#webpage\",\"url\":\"https:\/\/www.aprioripr.com\/de\/erfolgsgeschichten\/\",\"name\":\"Erfolgsgeschichten | apriori pr und marketing\",\"isPartOf\":{\"@id\":\"https:\/\/www.aprioripr.com\/de\/#website\"},\"datePublished\":\"2024-06-11T16:10:29+00:00\",\"dateModified\":\"2024-06-19T11:04:36+00:00\",\"description\":\"apriori pr und marketing ist eine international t\\u00e4tige PR- und Marketing Agentur mit Sitz in M\\u00fcnchen und im Saar\/Lor\/Lux Raum.\",\"breadcrumb\":{\"@id\":\"https:\/\/www.aprioripr.com\/de\/erfolgsgeschichten\/#breadcrumb\"},\"inLanguage\":\"de\",\"potentialAction\":[{\"@type\":\"ReadAction\",\"target\":[\"https:\/\/www.aprioripr.com\/de\/erfolgsgeschichten\/\"]}]},{\"@type\":\"BreadcrumbList\",\"@id\":\"https:\/\/www.aprioripr.com\/de\/erfolgsgeschichten\/#breadcrumb\",\"itemListElement\":[{\"@type\":\"ListItem\",\"position\":1,\"item\":{\"@type\":\"WebPage\",\"@id\":\"https:\/\/www.aprioripr.com\/de\/\",\"url\":\"https:\/\/www.aprioripr.com\/de\/\",\"name\":\"About\"}},{\"@type\":\"ListItem\",\"position\":2,\"item\":{\"@type\":\"WebPage\",\"@id\":\"https:\/\/www.aprioripr.com\/de\/erfolgsgeschichten\/\",\"url\":\"https:\/\/www.aprioripr.com\/de\/erfolgsgeschichten\/\",\"name\":\"Erfolgsgeschichten\"}}]}]}<\/script>\n<!-- \/ Yoast SEO Premium plugin. -->","_links":{"self":[{"href":"https:\/\/www.aprioripr.com\/de\/wp-json\/wp\/v2\/pages\/17530"}],"collection":[{"href":"https:\/\/www.aprioripr.com\/de\/wp-json\/wp\/v2\/pages"}],"about":[{"href":"https:\/\/www.aprioripr.com\/de\/wp-json\/wp\/v2\/types\/page"}],"author":[{"embeddable":true,"href":"https:\/\/www.aprioripr.com\/de\/wp-json\/wp\/v2\/users\/3"}],"replies":[{"embeddable":true,"href":"https:\/\/www.aprioripr.com\/de\/wp-json\/wp\/v2\/comments?post=17530"}],"version-history":[{"count":12,"href":"https:\/\/www.aprioripr.com\/de\/wp-json\/wp\/v2\/pages\/17530\/revisions"}],"predecessor-version":[{"id":17616,"href":"https:\/\/www.aprioripr.com\/de\/wp-json\/wp\/v2\/pages\/17530\/revisions\/17616"}],"wp:attachment":[{"href":"https:\/\/www.aprioripr.com\/de\/wp-json\/wp\/v2\/media?parent=17530"}],"curies":[{"name":"wp","href":"https:\/\/api.w.org\/{rel}","templated":true}]}}