{"id":12194,"date":"2019-08-08T10:26:28","date_gmt":"2019-08-08T10:26:28","guid":{"rendered":"https:\/\/www.aprioripr.com\/?page_id=12194"},"modified":"2024-06-11T08:31:21","modified_gmt":"2024-06-11T08:31:21","slug":"jobs","status":"publish","type":"page","link":"https:\/\/www.aprioripr.com\/de\/jobs\/","title":{"rendered":"Jobs"},"content":{"rendered":"<div  data-label=\"About\" data-id=\"about--2\" data-export-id=\"about-6\" data-category=\"about\" class=\"about-6 content-section content-section-spacing\" id=\"about-2\" style=\"background-color: rgb(255, 255, 255); background-image: none;\"><div  class=\"gridContainer\"> <div  class=\"row middle-sm text-center\"><div  class=\"col-sm-6 space-bottom-xs\" data-type=\"column\"> <h5  class=\"\">Auszeichnung f\u00fcr Zukunftsf\u00e4higkeit und Inspirationen \n<br >zur digitalen Transformation<\/h5> <h2  class=\"\"><span  style=\"font-weight: 600;\">apriori pr &amp; marketing zum Arbeitgeber der Zukunft mit SEHR GUT ausgezeichnet<\/span><\/h2> <p  class=\"\" style=\"text-align: justify;\">Im Rahmen des Smart Company Checks, der von der KPMG und der Unternehmer-Akademie, einem Joint Venture der Wirtschaftsmedien Handelsblatt und Wirtschaftswoche sowie Partnern wie der Universit\u00e4t Paderborn, Atlas und der Ostbayerischen Technischen Hochschule Regensburg durchgef\u00fchrt wurde, erhielt apriori pr &amp; marketing das Zertifikat \u201cSehr gut \u2013 Arbeitgeber der Zukunft\u201d. apriori pr &amp; marketing wurde dazu in einem aufw\u00e4ndigen Praxis-Check von der DUB Unternehmer-Akademie im Hinblick auf Zukunftsf\u00e4higkeit und Inspirationen zur digitalen Transformation analyisiert. Das Siegel pr\u00e4miert ausgezeichnete Mittelst\u00e4ndler mit Zukunft. Herausgeberin der Unternehmer-Akademie ist Brigitte Zypries, die zuletzt 2017 bis 2018 Bundesministerin f\u00fcr Wirtschaft und Energie im Kabinett von Angela Merkel war.<\/p> <\/div> <div  class=\"col-sm-6 image-group-right-3 space-bottom-xs\"><div  class=\"top-media\"> <img  data-size=\"350x250\" alt=\"\" title=\"cropped-cropped-Spots_apriori-2.jpg\" data-src=\"https:\/\/www.aprioripr.com\/wp-content\/uploads\/2019\/05\/cropped-cropped-Spots_apriori-2.jpg\" class=\"shadow-large lazyloaded\" src=\"https:\/\/www.aprioripr.com\/wp-content\/uploads\/2019\/05\/cropped-cropped-Spots_apriori-2.jpg\"><\/div> <div  class=\"bottom-media\"> <img  data-size=\"350x250\" alt=\"\" title=\"cropped-cropped-cropped-50409941_s-1-2.jpg\" data-src=\"https:\/\/www.aprioripr.com\/wp-content\/uploads\/2018\/10\/cropped-cropped-cropped-50409941_s-1-2.jpg\" class=\"shadow-large lazyloaded\" src=\"https:\/\/www.aprioripr.com\/wp-content\/uploads\/2018\/10\/cropped-cropped-cropped-50409941_s-1-2.jpg\"><\/div> <div  class=\"left-media\"> <img  data-size=\"350x400\" alt=\"\" title=\"cropped-Zertifikat-ArbeitgeberderZukunft-aprioripr-4.jpg\" data-src=\"https:\/\/www.aprioripr.com\/wp-content\/uploads\/2020\/01\/cropped-Zertifikat-ArbeitgeberderZukunft-aprioripr-4.jpg\" class=\"shadow-large lazyloaded\" src=\"https:\/\/www.aprioripr.com\/wp-content\/uploads\/2020\/01\/cropped-Zertifikat-ArbeitgeberderZukunft-aprioripr-4.jpg\"> <div  class=\"offset-double-border-overlay\"> <div  class=\"border-1 shadow-small\"><\/div> <div  class=\"border-2\"><\/div><\/div> <\/div><\/div> <\/div><\/div> <\/div><div  data-label=\"About\" data-id=\"about--3\" data-export-id=\"about-image-text\" data-category=\"about\" class=\"about-image-text content-section content-section-spacing\" id=\"about-3\" style=\"background-color: rgb(0, 0, 0); background-image: none;\"><div  class=\"gridContainer\"> <div  class=\"row\"><div  class=\"col-sm-6 flexbox-strech center-xs middle-xs no-gutter-col\"> <div  class=\"shadow-large overlap-right-large flexbox middle-xs center-xs left-img lazy lazyload\" data-bg=\"image\" style=\"background-image:inherit;\" data-was-processed=\"true\" data-bg-image=\"url(&quot;https:\/\/www.aprioripr.com\/wp-content\/uploads\/2022\/10\/Bildschirmfoto-2022-10-25-um-15.45.02.png&quot;)\"><\/div><\/div> <div  class=\"col-sm-6 space-bottom-xs col-padding-small-xs col-sm-padding-large bg-color5 white-text content-col\" data-type=\"column\"> <h2  class=\"\"><span  style=\"color: rgb(0, 0, 0);\">Karriere@apriori<\/span><\/h2> <p  class=\"\" style=\"text-align: justify;\"><span  style=\"color: rgb(0, 0, 0);\">M\u00f6chtest Du ins Kreativteam von apriori pr &amp; marketing und bei spannenden internationalen PR &amp; Marketing Kampagnen mitwirken? Oder bist Du als Freelancer auf der Suche nach spannenden Projekten?\n<\/span><br ><br ><br ><span  style=\"color: rgb(0, 0, 0);\">\nWir freuen uns auf Deine Bewerbung!<\/span>\n<br ><br >\n<\/p><a class=\"button color1\" href=\"mailto:career@aprioripr.com\" target=\"_self\" data-cp-link=\"1\" data-icon=\"\" rel=\"noopener noreferrer\">Jetzt bewerben<\/a><\/div> <\/div><\/div> <\/div><div  data-label=\"Portfolio\" data-id=\"portfolio--2\" data-export-id=\"portfolio-5-mc\" data-category=\"portfolio\" class=\"portfolio-5-mc content-section content-section-spacing section-title-col-white-text bg-color1\" id=\"portfolio-2\"><div  class=\"gridContainer\"> <div  class=\"row text-center\"><div  class=\"section-title-col\" data-type=\"column\"> <h5  class=\"\">Offene Stellen bei&nbsp;<\/h5> <h2  class=\"\">apriori pr und marketing<\/h2> <p  class=\"lead\">Join us! Wir freuen uns auf Deine Bewerbung an career@aprioripr.com!<\/p><\/div> <\/div> <div  class=\"row space-bottom spaced-cols\" data-type=\"row\"> <div  class=\"col-xs-12 col-sm-4 text-center col-md-6 \"> <div  class=\"card no-padding bordered\"> <div  data-hover-fx=\"portfolio-6\" class=\"contentswap-effect contentswap-overlay\" style=\"float: none; margin: 0; width: 100%;\"> <div  class=\"initial-image\" style=\"float: none; margin: 0;\"> <img class=\"lazy loaded\"  data-size=\"500x333\" src=\"https:\/\/www.aprioripr.com\/wp-content\/uploads\/2022\/08\/Website_Motive_1.jpg\" data-src=\"https:\/\/www.aprioripr.com\/wp-content\/uploads\/2022\/08\/Website_Motive_1.jpg\" data-was-processed=\"true\"><\/div> <div  class=\"overlay bg-color6\" style=\"display: block; transition: opacity 800ms ease 0s; -webkit-transition-timing-function: ease; -moz-transition-timing-function: ease; -o-transition-timing-function: ease; transition-timing-function: ease;\"><\/div> <div  class=\"swap-inner col-xs-12\" style=\"display: block; transition: all 800ms ease 0s; background-color: rgba(0,0,0,0); margin-top: 0;\"> <div  class=\"row full-height-row middle-xs middle-sm\"> <div  class=\"col-xs-12 text-center content-holder\"> <a class=\"button small color2\" href=\"#\" target=\"_self\" data-cp-link=\"1\" data-icon=\"\" rel=\"noopener\"><\/a><\/div> <\/div><\/div> <\/div> <div  class=\"col-xs-12\"> <div  class=\"space-bottom space-top\" data-type=\"column\"> <h5  class=\"\">PR Manager (m\/w\/d)<\/h5> <p  class=\"small italic\">Wir suchen einen PR Manager in Vollzeit!\n<br >\n<br ><br >Remote, Homeoffice oder Hybrid Working<br >\n<br >Bewerbungen bitte an career@aprioripr.com\n<\/p><a class=\"button color1\" href=\"https:\/\/www.aprioripr.com\/wp-content\/uploads\/2022\/08\/apriori_We_Are_Hiring_PR-Manager-Vollzeit-1.pdf\" target=\"_blank\" data-cp-link=\"1\" data-icon=\"\" rel=\"noopener\">Zur Stellenausschreibung<\/a><\/div> <\/div><\/div> <\/div> <div  class=\"col-xs-12 col-sm-4 text-center col-md-6 \"> <div  class=\"card no-padding bordered\"> <div  data-hover-fx=\"portfolio-6\" class=\"contentswap-effect contentswap-overlay\" style=\"float: none; margin: 0; width: 100%;\"> <div  class=\"initial-image\" style=\"float: none; margin: 0;\"> <img class=\"lazy loaded\"  data-size=\"500x333\" src=\"https:\/\/www.aprioripr.com\/wp-content\/uploads\/2022\/02\/Web_GIF_Hund.gif\" data-src=\"https:\/\/www.aprioripr.com\/wp-content\/uploads\/2022\/02\/Web_GIF_Hund.gif\" data-was-processed=\"true\"><\/div> <div  class=\"overlay bg-color6\" style=\"display: block; transition: opacity 800ms ease 0s; -webkit-transition-timing-function: ease; -moz-transition-timing-function: ease; -o-transition-timing-function: ease; transition-timing-function: ease;\"><\/div> <div  class=\"swap-inner col-xs-12\" style=\"display: block; transition: all 800ms ease 0s; background-color: rgba(0,0,0,0); margin-top: 0;\"> <div  class=\"row full-height-row middle-xs middle-sm\"> <div  class=\"col-xs-12 text-center content-holder\"> <a class=\"button small color2\" href=\"#\" target=\"_self\" data-cp-link=\"1\" data-icon=\"\" rel=\"noopener\"><\/a><\/div> <\/div><\/div> <\/div> <div  class=\"col-xs-12\"> <div  class=\"space-bottom space-top\" data-type=\"column\"> <h5  class=\"\">Social Media Manager (m\/w\/d)<\/h5> <p  class=\"small italic\">Wir suchen einen Social Media Manager in Vollzeit&nbsp;\n<br ><br >\n<br >Remote, Homeoffice oder Hybrid Working\n<br ><br >\n<br >Bewerbungen bitte an career@aprioripr.com<\/p><a class=\"button color1\" href=\"https:\/\/www.aprioripr.com\/wp-content\/uploads\/2022\/08\/apriori_We_Are_Hiring_Social_Media_Manager-110822.pdf\" target=\"_blank\" data-cp-link=\"1\" data-icon=\"\" rel=\"noopener\">Zur Stellenausschreibung<\/a><\/div> <\/div><\/div> <\/div> <\/div> <div  class=\"row\"><div  data-type=\"column\" class=\"col-xs-12 text-center\"> <\/div> <\/div><\/div> <\/div><div  data-label=\"Content\" data-id=\"content--2\" data-export-id=\"content-8-mc\" data-category=\"content\" class=\"content-8-mc content-section content-section-spacing\" id=\"content-2\" style=\"background-color: rgb(255, 255, 255);\"><div  class=\"gridContainer\"> <div  class=\"row middle-sm\"><div  class=\"col-sm-6 space-bottom-xs space-top-xs\" data-type=\"column\"> <img  data-lazy-=\"\" data-was-processed=\"true\" data-src=\"https:\/\/www.aprioripr.com\/wp-content\/themes\/highlight-pro\/child\/customizer\/sections\/images\/business-3560916_1920.jpg\" class=\"shadow-large lazyloaded\" src=\"https:\/\/www.aprioripr.com\/wp-content\/uploads\/2023\/07\/cropped-20230621_175752-scaled-1.jpg\" title=\"cropped-20230621_175752-scaled-1.jpg\" alt=\"\"><\/div> <div  class=\"col-sm-6\" data-type=\"column\"><h2  class=\"\">Einblicke in die Arbeit bei apriori pr &amp; marketing<\/h2> <p  class=\"\">Von der Kreation nationaler und internationaler Social Media Kampagnen \u00fcber spannende Events und Roadshows bis hin zur CEO-Positionierung in Wirtschaftsmedien, die Projekte und Kunden bei apriori pr &amp; marketing sind sehr vielseitig. Eines verbindet alle unsere Kunden und Projekte, die PR- und Marketingstrategie ist international \u2013 von der Pressereise nach Chicago \u00fcber exquisite Designerdinner in Paris bis hin zu Filmfestivals in Warschau oder Preisverleihungen in Maranello bei Ferrari ist alles dabei.<\/p> <a class=\"button color1\" href=\"https:\/\/youtu.be\/7fnppFrZDmM\" target=\"_self\" data-cp-link=\"1\" data-icon=\"\" rel=\"noopener noreferrer\">Unsere Projekte<\/a><\/div> <\/div><\/div> <\/div>","protected":false},"excerpt":{"rendered":"<p>Auszeichnung f\u00fcr Zukunftsf\u00e4higkeit und Inspirationen zur digitalen Transformation apriori pr &amp; marketing zum Arbeitgeber der Zukunft mit SEHR GUT ausgezeichnet Im Rahmen des Smart Company Checks, der von der KPMG und der Unternehmer-Akademie, einem Joint Venture der Wirtschaftsmedien Handelsblatt und Wirtschaftswoche sowie Partnern wie der Universit\u00e4t Paderborn, Atlas und der Ostbayerischen Technischen Hochschule Regensburg durchgef\u00fchrt&hellip; <br \/> <a class=\"read-more\" href=\"https:\/\/www.aprioripr.com\/de\/jobs\/\">Weiterlesen<\/a><\/p>\n","protected":false},"author":3,"featured_media":0,"parent":0,"menu_order":0,"comment_status":"closed","ping_status":"closed","template":"pro\/page-templates\/full-width-page.php","meta":[],"yoast_head":"<!-- This site is optimized with the Yoast SEO Premium plugin v14.7 - https:\/\/yoast.com\/wordpress\/plugins\/seo\/ -->\n<title>Jobs | apriori pr und marketing<\/title>\n<meta name=\"description\" content=\"apriori pr &amp; marketing wurde von der DUB Unternehmerakademie mit dem Zertifikat \u201cSehr gut \u2013 Arbeitgeber der Zukunft\u201d ausgezeichnet. apriori pr &amp; marketing wurde dazu in einem aufw\u00e4ndigen Praxis-Check von der DUB Unternehmer-Akademie im Hinblick auf Zukunftsf\u00e4higkeit und Inspirationen zur digitalen Transformation analyisiert. Das Siegel pr\u00e4miert ausgezeichnete Mittelst\u00e4ndler mit Zukunft.\" \/>\n<meta name=\"robots\" content=\"index, follow\" \/>\n<meta name=\"googlebot\" content=\"index, follow, max-snippet:-1, max-image-preview:large, max-video-preview:-1\" \/>\n<meta name=\"bingbot\" content=\"index, follow, max-snippet:-1, max-image-preview:large, max-video-preview:-1\" \/>\n<link rel=\"canonical\" href=\"https:\/\/www.aprioripr.com\/de\/jobs\/\" \/>\n<meta property=\"og:locale\" content=\"de_DE\" \/>\n<meta property=\"og:type\" content=\"article\" \/>\n<meta property=\"og:title\" content=\"Jobs | apriori pr und marketing\" \/>\n<meta property=\"og:description\" content=\"apriori pr &amp; marketing wurde von der DUB Unternehmerakademie mit dem Zertifikat \u201cSehr gut \u2013 Arbeitgeber der Zukunft\u201d ausgezeichnet. apriori pr &amp; marketing wurde dazu in einem aufw\u00e4ndigen Praxis-Check von der DUB Unternehmer-Akademie im Hinblick auf Zukunftsf\u00e4higkeit und Inspirationen zur digitalen Transformation analyisiert. Das Siegel pr\u00e4miert ausgezeichnete Mittelst\u00e4ndler mit Zukunft.\" \/>\n<meta property=\"og:url\" content=\"https:\/\/www.aprioripr.com\/de\/jobs\/\" \/>\n<meta property=\"og:site_name\" content=\"apriori pr und marketing\" \/>\n<meta property=\"article:publisher\" content=\"https:\/\/www.facebook.com\/aprioriinternational\/?ref=bookmarks\" \/>\n<meta property=\"article:author\" content=\"https:\/\/www.facebook.com\/pg\/aprioriinternational\" \/>\n<meta property=\"article:modified_time\" content=\"2024-06-11T08:31:21+00:00\" \/>\n<meta property=\"og:image\" content=\"https:\/\/www.aprioripr.com\/wp-content\/uploads\/2019\/05\/cropped-cropped-Spots_apriori-2.jpg\" \/>\n<meta name=\"twitter:card\" content=\"summary_large_image\" \/>\n<meta name=\"twitter:creator\" content=\"@https:\/\/twitter.com\/aprioripr\" \/>\n<meta name=\"twitter:site\" content=\"@aprioripr\" \/>\n<script type=\"application\/ld+json\" class=\"yoast-schema-graph\">{\"@context\":\"https:\/\/schema.org\",\"@graph\":[{\"@type\":\"Organization\",\"@id\":\"https:\/\/www.aprioripr.com\/de\/#organization\",\"name\":\"apriori pr und marketing\",\"url\":\"https:\/\/www.aprioripr.com\/de\/\",\"sameAs\":[\"https:\/\/www.facebook.com\/aprioriinternational\/?ref=bookmarks\",\"https:\/\/www.instagram.com\/aprioripr\/?hl=de\",\"https:\/\/www.linkedin.com\/company\/10530298\/\",\"https:\/\/www.youtube.com\/channel\/UCzVZCt51PkhspqwzoBd7dYg\/featured?view_as=subscriber\",\"https:\/\/twitter.com\/aprioripr\"],\"logo\":{\"@type\":\"ImageObject\",\"@id\":\"https:\/\/www.aprioripr.com\/de\/#logo\",\"inLanguage\":\"de\",\"url\":\"https:\/\/www.aprioripr.com\/wp-content\/uploads\/2015\/06\/cropped-cropped-cropped-apriori-pr_and_marketing-Logo-1-1.png\",\"width\":1024,\"height\":1024,\"caption\":\"apriori pr und marketing\"},\"image\":{\"@id\":\"https:\/\/www.aprioripr.com\/de\/#logo\"}},{\"@type\":\"WebSite\",\"@id\":\"https:\/\/www.aprioripr.com\/de\/#website\",\"url\":\"https:\/\/www.aprioripr.com\/de\/\",\"name\":\"apriori pr und marketing\",\"description\":\"International Public Relations and Marketing aprioripr\",\"publisher\":{\"@id\":\"https:\/\/www.aprioripr.com\/de\/#organization\"},\"potentialAction\":[{\"@type\":\"SearchAction\",\"target\":\"https:\/\/www.aprioripr.com\/de\/?s={search_term_string}\",\"query-input\":\"required name=search_term_string\"}],\"inLanguage\":\"de\"},{\"@type\":\"ImageObject\",\"@id\":\"https:\/\/www.aprioripr.com\/de\/jobs\/#primaryimage\",\"inLanguage\":\"de\",\"url\":\"https:\/\/www.aprioripr.com\/wp-content\/uploads\/2019\/05\/cropped-cropped-Spots_apriori-2.jpg\",\"width\":308,\"height\":272},{\"@type\":\"WebPage\",\"@id\":\"https:\/\/www.aprioripr.com\/de\/jobs\/#webpage\",\"url\":\"https:\/\/www.aprioripr.com\/de\/jobs\/\",\"name\":\"Jobs | apriori pr und marketing\",\"isPartOf\":{\"@id\":\"https:\/\/www.aprioripr.com\/de\/#website\"},\"primaryImageOfPage\":{\"@id\":\"https:\/\/www.aprioripr.com\/de\/jobs\/#primaryimage\"},\"datePublished\":\"2019-08-08T10:26:28+00:00\",\"dateModified\":\"2024-06-11T08:31:21+00:00\",\"description\":\"apriori pr & marketing wurde von der DUB Unternehmerakademie mit dem Zertifikat \\u201cSehr gut \\u2013 Arbeitgeber der Zukunft\\u201d ausgezeichnet. apriori pr & marketing wurde dazu in einem aufw\\u00e4ndigen Praxis-Check von der DUB Unternehmer-Akademie im Hinblick auf Zukunftsf\\u00e4higkeit und Inspirationen zur digitalen Transformation analyisiert. Das Siegel pr\\u00e4miert ausgezeichnete Mittelst\\u00e4ndler mit Zukunft.\",\"breadcrumb\":{\"@id\":\"https:\/\/www.aprioripr.com\/de\/jobs\/#breadcrumb\"},\"inLanguage\":\"de\",\"potentialAction\":[{\"@type\":\"ReadAction\",\"target\":[\"https:\/\/www.aprioripr.com\/de\/jobs\/\"]}]},{\"@type\":\"BreadcrumbList\",\"@id\":\"https:\/\/www.aprioripr.com\/de\/jobs\/#breadcrumb\",\"itemListElement\":[{\"@type\":\"ListItem\",\"position\":1,\"item\":{\"@type\":\"WebPage\",\"@id\":\"https:\/\/www.aprioripr.com\/de\/\",\"url\":\"https:\/\/www.aprioripr.com\/de\/\",\"name\":\"About\"}},{\"@type\":\"ListItem\",\"position\":2,\"item\":{\"@type\":\"WebPage\",\"@id\":\"https:\/\/www.aprioripr.com\/de\/jobs\/\",\"url\":\"https:\/\/www.aprioripr.com\/de\/jobs\/\",\"name\":\"Jobs\"}}]}]}<\/script>\n<!-- \/ Yoast SEO Premium plugin. -->","_links":{"self":[{"href":"https:\/\/www.aprioripr.com\/de\/wp-json\/wp\/v2\/pages\/12194"}],"collection":[{"href":"https:\/\/www.aprioripr.com\/de\/wp-json\/wp\/v2\/pages"}],"about":[{"href":"https:\/\/www.aprioripr.com\/de\/wp-json\/wp\/v2\/types\/page"}],"author":[{"embeddable":true,"href":"https:\/\/www.aprioripr.com\/de\/wp-json\/wp\/v2\/users\/3"}],"replies":[{"embeddable":true,"href":"https:\/\/www.aprioripr.com\/de\/wp-json\/wp\/v2\/comments?post=12194"}],"version-history":[{"count":48,"href":"https:\/\/www.aprioripr.com\/de\/wp-json\/wp\/v2\/pages\/12194\/revisions"}],"predecessor-version":[{"id":17407,"href":"https:\/\/www.aprioripr.com\/de\/wp-json\/wp\/v2\/pages\/12194\/revisions\/17407"}],"wp:attachment":[{"href":"https:\/\/www.aprioripr.com\/de\/wp-json\/wp\/v2\/media?parent=12194"}],"curies":[{"name":"wp","href":"https:\/\/api.w.org\/{rel}","templated":true}]}}