{"id":11134,"date":"2014-09-03T07:25:06","date_gmt":"2014-09-03T07:25:06","guid":{"rendered":"https:\/\/www.aprioripr.com\/contact-us\/"},"modified":"2025-03-25T08:18:28","modified_gmt":"2025-03-25T08:18:28","slug":"kontakt","status":"publish","type":"page","link":"https:\/\/www.aprioripr.com\/de\/kontakt\/","title":{"rendered":"Kontakt"},"content":{"rendered":"<div  data-label=\"Contact\" data-id=\"contact--1\" data-export-id=\"contact-4\" data-category=\"contact\" class=\"contact-4 content-section\" id=\"contact-1\" style=\"background-color: rgb(255, 255, 255);\"><div  class=\"\"> <div  class=\"row\"><div  class=\"col-xs-12 no-gutter-col\"> <div  data-content-shortcode=\"mesmerize_maps address=&quot;Ludwigstr. 8, 80539 Munich, Germany&quot; shortcode=&quot;4HWH+6Q M\u00fcnchen&quot; zoom=&quot;65&quot;\" data-editable=\"true\" class=\"\">[4HWH+6Q M\u00fcnchen]<\/div><\/div> <\/div><\/div> <\/div><div  data-label=\"Cta\" data-id=\"cta--1\" data-export-id=\"cta-centered-bg-section\" data-category=\"cta\" data-section-ov=\"1\" class=\"cta-centered-bg-section content-section content-section-spacing-medium white-text\" data-parallax-depth=\"20\" id=\"cta-1\" style=\"background-color: rgb(0, 0, 0); background-image: none;\"><div  class=\"gridContainer\"> <div  class=\"row text-center\"><div  data-type=\"column\" class=\"\"> <h2  class=\"\">Jetzt Online Termin vereinbaren!<\/h2> <a class=\"button color3 dark-text\" href=\"https:\/\/bookingflix.com\/de\/aprioripr\/1594736701\/index.html\" target=\"_self\" data-cp-link=\"1\" data-icon=\"\" rel=\"noopener noreferrer\">Online Termin reservieren<\/a><\/div> <\/div><\/div> <\/div><div  data-label=\"About\" data-id=\"about--1\" data-export-id=\"about-10\" data-category=\"about\" class=\"about-10 content-section content-section-spacing content-relative\" id=\"about-1\" style=\"background-color: rgb(255, 255, 255); background-image: none;\"><div  class=\"gridContainer\"> <div  class=\"row middle-sm text-center\"><div  class=\"col-sm-5 space-bottom-xs content-column\" data-type=\"column\">   <p  class=\"\"><br >\n<br >Wir freuen uns auf Ihre Kontaktaufnahme!<\/p> <div  data-editable=\"true\" data-name=\"ope-custom-content-shortcode\" data-content-shortcode=\"ninja_forms id=17\" class=\"\"><noscript class=\"ninja-forms-noscript-message\">\n\tHinweis: F\u00fcr diesen Inhalt ist JavaScript erforderlich.<\/noscript>\nKeine Felder gefunden.<div id=\"nf-form-17-cont\" class=\"nf-form-cont\" aria-live=\"polite\" aria-labelledby=\"nf-form-title-17\" aria-describedby=\"nf-form-errors-17\" role=\"form\">\n\n    <div class=\"nf-loading-spinner\"><\/div>\n\n<\/div>\n        <!-- That data is being printed as a workaround to page builders reordering the order of the scripts loaded-->\n        <script>var formDisplay=1;var nfForms=nfForms||[];var form=[];form.id='17';form.settings={\"ninjaForms\":\"Ninja Forms\",\"changeEmailErrorMsg\":\"Bitte gib eine g\\u00fcltige E-Mail-Adresse ein.\",\"changeDateErrorMsg\":\"Bitte gib ein g\\u00fcltiges Datum ein!\",\"confirmFieldErrorMsg\":\"Diese Felder m\\u00fcssen \\u00fcbereinstimmen!\",\"fieldNumberNumMinError\":\"Die eingegebene Zahl ist zu klein.\",\"fieldNumberNumMaxError\":\"Die eingegebene Zahl ist zu gross.\",\"fieldNumberIncrementBy\":\"Bitte erh\\u00f6hen in Schritten von\",\"fieldTextareaRTEInsertLink\":\"Link einf\\u00fcgen\",\"fieldTextareaRTEInsertMedia\":\"Medien einf\\u00fcgen\",\"fieldTextareaRTESelectAFile\":\"Eine Datei ausw\\u00e4hlen\",\"formErrorsCorrectErrors\":\"Bitte korrigiere die Fehler, bevor du das Formular sendest.\",\"formHoneypot\":\"Falls du ein Mensch bist und dieses Feld siehst, dann lasse es bitte leer.\",\"validateRequiredField\":\"Dies ist ein Pflichtfeld.\",\"honeypotHoneypotError\":\"Honeypot-Fehler\",\"fileUploadOldCodeFileUploadInProgress\":\"Datei-Upload l\\u00e4uft.\",\"fileUploadOldCodeFileUpload\":\"DATEI-UPLOAD\",\"currencySymbol\":\"$\",\"fieldsMarkedRequired\":\"Felder mit einem <span class=\\\"ninja-forms-req-symbol\\\">*<\\\/span> sind Pflichtfelder\",\"thousands_sep\":\".\",\"decimal_point\":\",\",\"siteLocale\":\"de_DE\",\"dateFormat\":\"m\\\/d\\\/Y\",\"startOfWeek\":\"1\",\"of\":\"von\",\"previousMonth\":\"Vorheriger Monat\",\"nextMonth\":\"N\\u00e4chster Monat\",\"months\":[\"Januar\",\"Februar\",\"M\\u00e4rz\",\"April\",\"Mai\",\"Juni\",\"Juli\",\"August\",\"September\",\"Oktober\",\"November\",\"Dezember\"],\"monthsShort\":[\"Jan\",\"Feb\",\"Mrz\",\"Apr\",\"Mai\",\"Jun\",\"Jul\",\"Aug\",\"Sep\",\"Okt\",\"Nov\",\"Dez\"],\"weekdays\":[\"Sonntag\",\"Montag\",\"Dienstag\",\"Mittwoch\",\"Donnerstag\",\"Freitag\",\"Samstag\"],\"weekdaysShort\":[\"So\",\"Mo\",\"Die\",\"Mi\",\"Do\",\"Fr\",\"Sa\"],\"weekdaysMin\":[\"So\",\"Mo\",\"Di\",\"Mi\",\"Do\",\"Fr\",\"Sa\"],\"recaptchaConsentMissing\":\"reCaptcha validation couldn&#039;t load.\",\"recaptchaMissingCookie\":\"reCaptcha v3 validation couldn&#039;t load the cookie needed to submit the form.\",\"recaptchaConsentEvent\":\"Accept reCaptcha cookies before sending the form.\",\"embed_form\":\"\",\"currency_symbol\":\"\",\"title\":\"\",\"beforeForm\":\"\",\"beforeFields\":\"\",\"afterFields\":\"\",\"afterForm\":\"\"};form.fields=[];nfForms.push(form);<\/script>\n        <\/div><\/div> <div  class=\"col-sm-7 flexbox middle-xs center-xs space-bottom-xs\"><div  class=\"overlay-box middle-xs center-xs flexbox\"> <div  class=\"overlay-box-offset offset-border shadow-medium border-color1 hide-xs\"><\/div> <img  data-size=\"485x705\" alt=\"Contact aprioripr\" title=\"bangs-beret-call-1589871\" data-src=\"https:\/\/www.aprioripr.com\/wp-content\/uploads\/2019\/03\/bangs-beret-call-1589871.jpg\" class=\"shadow-large ls-is-cached lazyloaded\" src=\"https:\/\/www.aprioripr.com\/wp-content\/uploads\/2019\/03\/bangs-beret-call-1589871.jpg\"><\/div> <\/div><\/div> <\/div><\/div><div data-label=\"About\" data-id=\"about--2\" data-export-id=\"about-image-text\" data-category=\"about\" class=\"about-image-text content-section content-section-spacing\" id=\"about-2\"  style=\"background-color: rgb(255, 255, 255);\"><div class=\"gridContainer\" > <div class=\"row\" ><div class=\"col-sm-6 flexbox-strech center-xs middle-xs no-gutter-col\" > <div class=\"shadow-large overlap-right-large flexbox middle-xs center-xs left-img lazyload\" data-bg=\"image\"  style=\"background-image:inherit;\" data-bg-image=\"url(&quot;https:\/\/www.aprioripr.com\/wp-content\/uploads\/2025\/03\/apriori_Ludwigpalais_2021_06_10_A9_6830-1536x1024-1.webp&quot;)\"><\/div><\/div> <div class=\"col-sm-6 space-bottom-xs col-padding-small-xs col-sm-padding-large bg-color5 white-text content-col\" data-type=\"column\" ><h5 class=\"\" >apriori Office @ Ludwigpalais M\u00fcnchen<\/h5>  <p class=\"\" >apriori pr und marketing<br >\nLudwigstra\u00dfe 8<br >\n80539 M\u00fcnchen<br >\nDeutschland<br >\nT. +49 89-206021 432<br >\nmuc@aprioripr.com<\/p><\/div> <\/div><\/div> <\/div>","protected":false},"excerpt":{"rendered":"<p>Jetzt Online Termin vereinbaren! Online Termin reservieren Wir freuen uns auf Ihre Kontaktaufnahme! apriori Office @ Ludwigpalais M\u00fcnchen apriori pr und marketing Ludwigstra\u00dfe 8 80539 M\u00fcnchen Deutschland T. +49 89-206021 432 muc@aprioripr.com<\/p>\n","protected":false},"author":3,"featured_media":0,"parent":0,"menu_order":0,"comment_status":"open","ping_status":"open","template":"pro\/page-templates\/full-width-page.php","meta":[],"yoast_head":"<!-- This site is optimized with the Yoast SEO Premium plugin v14.7 - https:\/\/yoast.com\/wordpress\/plugins\/seo\/ -->\n<title>Kontakt | apriori pr und marketing<\/title>\n<meta name=\"description\" content=\"apriori pr und marketing in M\u00fcnchen und St. Ingbert. Kontaktieren Sie uns per Mail, Telefon, Kontaktformular oder Online Terminvereinbarung. Wir freuen uns auf Ihre Kontaktaufnahme.\" \/>\n<meta name=\"robots\" content=\"index, follow\" \/>\n<meta name=\"googlebot\" content=\"index, follow, max-snippet:-1, max-image-preview:large, max-video-preview:-1\" \/>\n<meta name=\"bingbot\" content=\"index, follow, max-snippet:-1, max-image-preview:large, max-video-preview:-1\" \/>\n<link rel=\"canonical\" href=\"https:\/\/www.aprioripr.com\/de\/kontakt\/\" \/>\n<meta property=\"og:locale\" content=\"de_DE\" \/>\n<meta property=\"og:type\" content=\"article\" \/>\n<meta property=\"og:title\" content=\"Kontakt | apriori pr und marketing\" \/>\n<meta property=\"og:description\" content=\"apriori pr und marketing in M\u00fcnchen und St. Ingbert. Kontaktieren Sie uns per Mail, Telefon, Kontaktformular oder Online Terminvereinbarung. Wir freuen uns auf Ihre Kontaktaufnahme.\" \/>\n<meta property=\"og:url\" content=\"https:\/\/www.aprioripr.com\/de\/kontakt\/\" \/>\n<meta property=\"og:site_name\" content=\"apriori pr und marketing\" \/>\n<meta property=\"article:publisher\" content=\"https:\/\/www.facebook.com\/aprioriinternational\/?ref=bookmarks\" \/>\n<meta property=\"article:author\" content=\"https:\/\/www.facebook.com\/pg\/aprioriinternational\" \/>\n<meta property=\"article:modified_time\" content=\"2025-03-25T08:18:28+00:00\" \/>\n<meta property=\"og:image\" content=\"https:\/\/www.aprioripr.com\/wp-content\/uploads\/2019\/03\/bangs-beret-call-1589871.jpg\" \/>\n<meta name=\"twitter:card\" content=\"summary_large_image\" \/>\n<meta name=\"twitter:creator\" content=\"@https:\/\/twitter.com\/aprioripr\" \/>\n<meta name=\"twitter:site\" content=\"@aprioripr\" \/>\n<script type=\"application\/ld+json\" class=\"yoast-schema-graph\">{\"@context\":\"https:\/\/schema.org\",\"@graph\":[{\"@type\":\"Organization\",\"@id\":\"https:\/\/www.aprioripr.com\/de\/#organization\",\"name\":\"apriori pr und marketing\",\"url\":\"https:\/\/www.aprioripr.com\/de\/\",\"sameAs\":[\"https:\/\/www.facebook.com\/aprioriinternational\/?ref=bookmarks\",\"https:\/\/www.instagram.com\/aprioripr\/?hl=de\",\"https:\/\/www.linkedin.com\/company\/10530298\/\",\"https:\/\/www.youtube.com\/channel\/UCzVZCt51PkhspqwzoBd7dYg\/featured?view_as=subscriber\",\"https:\/\/twitter.com\/aprioripr\"],\"logo\":{\"@type\":\"ImageObject\",\"@id\":\"https:\/\/www.aprioripr.com\/de\/#logo\",\"inLanguage\":\"de\",\"url\":\"https:\/\/www.aprioripr.com\/wp-content\/uploads\/2015\/06\/cropped-cropped-cropped-apriori-pr_and_marketing-Logo-1-1.png\",\"width\":1024,\"height\":1024,\"caption\":\"apriori pr und marketing\"},\"image\":{\"@id\":\"https:\/\/www.aprioripr.com\/de\/#logo\"}},{\"@type\":\"WebSite\",\"@id\":\"https:\/\/www.aprioripr.com\/de\/#website\",\"url\":\"https:\/\/www.aprioripr.com\/de\/\",\"name\":\"apriori pr und marketing\",\"description\":\"International Public Relations and Marketing aprioripr\",\"publisher\":{\"@id\":\"https:\/\/www.aprioripr.com\/de\/#organization\"},\"potentialAction\":[{\"@type\":\"SearchAction\",\"target\":\"https:\/\/www.aprioripr.com\/de\/?s={search_term_string}\",\"query-input\":\"required name=search_term_string\"}],\"inLanguage\":\"de\"},{\"@type\":\"ImageObject\",\"@id\":\"https:\/\/www.aprioripr.com\/de\/kontakt\/#primaryimage\",\"inLanguage\":\"de\",\"url\":\"https:\/\/www.aprioripr.com\/wp-content\/uploads\/2019\/03\/bangs-beret-call-1589871.jpg\",\"width\":3360,\"height\":5040,\"caption\":\"Contact aprioripr\"},{\"@type\":\"WebPage\",\"@id\":\"https:\/\/www.aprioripr.com\/de\/kontakt\/#webpage\",\"url\":\"https:\/\/www.aprioripr.com\/de\/kontakt\/\",\"name\":\"Kontakt | apriori pr und marketing\",\"isPartOf\":{\"@id\":\"https:\/\/www.aprioripr.com\/de\/#website\"},\"primaryImageOfPage\":{\"@id\":\"https:\/\/www.aprioripr.com\/de\/kontakt\/#primaryimage\"},\"datePublished\":\"2014-09-03T07:25:06+00:00\",\"dateModified\":\"2025-03-25T08:18:28+00:00\",\"description\":\"apriori pr und marketing in M\\u00fcnchen und St. Ingbert. Kontaktieren Sie uns per Mail, Telefon, Kontaktformular oder Online Terminvereinbarung. Wir freuen uns auf Ihre Kontaktaufnahme.\",\"breadcrumb\":{\"@id\":\"https:\/\/www.aprioripr.com\/de\/kontakt\/#breadcrumb\"},\"inLanguage\":\"de\",\"potentialAction\":[{\"@type\":\"ReadAction\",\"target\":[\"https:\/\/www.aprioripr.com\/de\/kontakt\/\"]}]},{\"@type\":\"BreadcrumbList\",\"@id\":\"https:\/\/www.aprioripr.com\/de\/kontakt\/#breadcrumb\",\"itemListElement\":[{\"@type\":\"ListItem\",\"position\":1,\"item\":{\"@type\":\"WebPage\",\"@id\":\"https:\/\/www.aprioripr.com\/de\/\",\"url\":\"https:\/\/www.aprioripr.com\/de\/\",\"name\":\"About\"}},{\"@type\":\"ListItem\",\"position\":2,\"item\":{\"@type\":\"WebPage\",\"@id\":\"https:\/\/www.aprioripr.com\/de\/kontakt\/\",\"url\":\"https:\/\/www.aprioripr.com\/de\/kontakt\/\",\"name\":\"Kontakt apriori\"}}]}]}<\/script>\n<!-- \/ Yoast SEO Premium plugin. -->","_links":{"self":[{"href":"https:\/\/www.aprioripr.com\/de\/wp-json\/wp\/v2\/pages\/11134"}],"collection":[{"href":"https:\/\/www.aprioripr.com\/de\/wp-json\/wp\/v2\/pages"}],"about":[{"href":"https:\/\/www.aprioripr.com\/de\/wp-json\/wp\/v2\/types\/page"}],"author":[{"embeddable":true,"href":"https:\/\/www.aprioripr.com\/de\/wp-json\/wp\/v2\/users\/3"}],"replies":[{"embeddable":true,"href":"https:\/\/www.aprioripr.com\/de\/wp-json\/wp\/v2\/comments?post=11134"}],"version-history":[{"count":23,"href":"https:\/\/www.aprioripr.com\/de\/wp-json\/wp\/v2\/pages\/11134\/revisions"}],"predecessor-version":[{"id":17835,"href":"https:\/\/www.aprioripr.com\/de\/wp-json\/wp\/v2\/pages\/11134\/revisions\/17835"}],"wp:attachment":[{"href":"https:\/\/www.aprioripr.com\/de\/wp-json\/wp\/v2\/media?parent=11134"}],"curies":[{"name":"wp","href":"https:\/\/api.w.org\/{rel}","templated":true}]}}