{"id":11125,"date":"2019-03-08T12:57:44","date_gmt":"2019-03-08T12:57:44","guid":{"rendered":"https:\/\/www.aprioripr.com\/vlog\/"},"modified":"2024-12-28T09:05:56","modified_gmt":"2024-12-28T09:05:56","slug":"vlog","status":"publish","type":"page","link":"https:\/\/www.aprioripr.com\/de\/vlog\/","title":{"rendered":"Vlog"},"content":{"rendered":"<div  data-label=\"Portfolio\" data-id=\"portfolio--1\" data-export-id=\"portfolio-1\" data-category=\"portfolio\" class=\"portfolio-1 content-section content-section-spacing content-relative\" id=\"portfolio-1\" style=\"background-color: rgb(255, 255, 255);\"><div  class=\"gridContainer\"> <div  class=\"row text-center\"><div  class=\"section-title-col\" data-type=\"column\">  <p  class=\"lead\">Willkommen auf dem apriori Vlog! Get Inspired!<\/p><\/div> <\/div> <div  data-type=\"row\" class=\"row spaced-cols\" data-fixed=\"true\"> <div  class=\"col-xs-12 col-sm-4\"> <div  class=\"contentswap-effect visible\" data-hover-fx=\"portfolio-1\"> <div  class=\"initial-image\"> <img  data-size=\"500x333\" data-src=\"https:\/\/www.aprioripr.com\/wp-content\/uploads\/2019\/02\/cropped-Bild_1_Whyareyoucreative_HermanVaske_Filmausschnitt-e1550589421275.jpg\" data-sizes=\"auto\" class=\"lazyautosizes lazyloaded\" src=\"https:\/\/www.aprioripr.com\/wp-content\/uploads\/2024\/12\/cropped-Bildschirmfoto-2024-12-28-um-09.23.07.png\" sizes=\"410px\"><\/div> <div  class=\"overlay\"><\/div> <div  class=\"swap-inner col-xs-12\"> <div  class=\"row full-height-row bottom-xs\"> <div  class=\"col-xs-12 color1 text-center content-holder\"> <h4  class=\"inverted font-500\">AI XMAS Video<\/h4> <a href=\"https:\/\/youtu.be\/EDhiStYb1Vc?si=TlDFaDZmmDdnKhaQ\" class=\"inverted italic p small\" target=\"_blank\" data-cp-link=\"1\" rel=\"noopener\"><\/a><\/div> <\/div><\/div> <\/div><\/div> <div  class=\"col-xs-12 col-sm-4\"><div  class=\"contentswap-effect visible\" data-hover-fx=\"portfolio-1\"> <div  class=\"initial-image\"> <img  data-size=\"500x333\" data-src=\"https:\/\/www.aprioripr.com\/wp-content\/uploads\/2015\/06\/cropped-Bild_4_Resysta-Flooring-Image_mitSchmetterling.jpg\" data-sizes=\"auto\" class=\"lazyautosizes lazyloaded\" src=\"https:\/\/www.aprioripr.com\/wp-content\/uploads\/2024\/03\/cropped-Bildschirmfoto-2024-03-14-um-16.15.54.png\" sizes=\"410px\"><\/div> <div  class=\"overlay\"><\/div> <div  class=\"swap-inner col-xs-12\"> <div  class=\"row full-height-row bottom-xs\"> <div  class=\"col-xs-12 color1 text-center content-holder\"> <h4  class=\"inverted font-500\"><\/h4> <a href=\"https:\/\/youtu.be\/W-d0sjUatEU?si=vRWjMZEsQH666MBx\" class=\"inverted italic p small\" target=\"_blank\" data-cp-link=\"1\" rel=\"noopener\">apriori Brand Video<\/a><\/div> <\/div><\/div> <\/div><\/div><div  class=\"col-xs-12 col-sm-4\"><div  class=\"contentswap-effect visible\" data-hover-fx=\"portfolio-1\"> <div  class=\"initial-image\"> <img  data-size=\"500x333\" data-src=\"https:\/\/www.aprioripr.com\/wp-content\/uploads\/2018\/11\/cropped-Silvia_Venice.jpg\" data-sizes=\"auto\" class=\"lazyautosizes lazyloaded\" src=\"https:\/\/www.aprioripr.com\/wp-content\/uploads\/2024\/04\/apriori-meet-us-in-Milan.jpg\" sizes=\"411px\"><\/div> <div  class=\"overlay\"><\/div> <div  class=\"swap-inner col-xs-12\"> <div  class=\"row full-height-row bottom-xs\"> <div  class=\"col-xs-12 color1 text-center content-holder\"> <h4  class=\"inverted font-500\"><\/h4> <a href=\"https:\/\/youtu.be\/HjJKAaELqFk?si=E2WsKA1Qp4Vtopa7\" class=\"inverted italic p small\" target=\"_blank\" data-cp-link=\"1\" rel=\"noopener\">Milan Designweek 2024<\/a><\/div> <\/div><\/div> <\/div><\/div> <div  class=\"col-xs-12 col-sm-4\"><div  class=\"contentswap-effect visible\" data-hover-fx=\"portfolio-1\"> <div  class=\"initial-image\"> <img  data-size=\"500x333\" data-src=\"https:\/\/www.aprioripr.com\/wp-content\/uploads\/2019\/01\/Bild_7_Karrieresprungbrett_fuer_die_Filmindustrie_PYD.jpg\" data-sizes=\"auto\" class=\"lazyautosizes lazyloaded\" src=\"https:\/\/www.aprioripr.com\/wp-content\/uploads\/2024\/06\/cropped-cropped-Kopie-von-Kein-Titel.jpg\" sizes=\"410px\"><\/div> <div  class=\"overlay\"><\/div> <div  class=\"swap-inner col-xs-12\"> <div  class=\"row full-height-row bottom-xs\"> <div  class=\"col-xs-12 color1 text-center content-holder\"> <h4  class=\"inverted font-500\"><\/h4> <a href=\"https:\/\/youtu.be\/KPRPPcKu560?si=lPJHMPOGn55BXaSd\" class=\"inverted italic p small\" target=\"_blank\" data-cp-link=\"1\" rel=\"noopener\">apriori Success Stories<\/a><\/div> <\/div><\/div> <\/div><\/div>  <div  class=\"col-xs-12 col-sm-4\"><div  class=\"contentswap-effect visible\" data-hover-fx=\"portfolio-1\"> <div  class=\"initial-image\"> <img  data-size=\"500x333\" data-src=\"https:\/\/www.aprioripr.com\/wp-content\/uploads\/2015\/06\/SILQ_JamesLudwig_DesignTeam_Making_Of.jpg\" data-sizes=\"auto\" class=\"lazyautosizes lazyloaded\" src=\"https:\/\/www.aprioripr.com\/wp-content\/uploads\/2024\/06\/cropped-cropped-Design-ohne-Titel-7.jpg\" sizes=\"411px\"><\/div> <div  class=\"overlay\"><\/div> <div  class=\"swap-inner col-xs-12\"> <div  class=\"row full-height-row bottom-xs\"> <div  class=\"col-xs-12 color1 text-center content-holder\"> <h4  class=\"inverted font-500\"> <\/h4> <a href=\"https:\/\/youtu.be\/0uAi_pMUybk?si=l7KFxm--IZ6vuAXq\" class=\"inverted italic p small\" target=\"_blank\" data-cp-link=\"1\" rel=\"noopener\">Art Bike Design<\/a><\/div> <\/div><\/div> <\/div><\/div> <div  class=\"col-xs-12 col-sm-4\"><div  class=\"contentswap-effect visible\" data-hover-fx=\"portfolio-1\"> <div  class=\"initial-image\"> <img  data-size=\"500x333\" data-src=\"https:\/\/www.aprioripr.com\/wp-content\/uploads\/2019\/02\/cropped-Bild_7_ExklusivesFahrerlebnis_Ashridge_und_Ferrari_DigitalFuturesProgramm-2.jpg\" data-sizes=\"auto\" class=\"lazyautosizes lazyloaded\" src=\"https:\/\/www.aprioripr.com\/wp-content\/uploads\/2024\/12\/Bildschirmfoto-2024-12-28-um-09.34.15.png\" sizes=\"410px\"><\/div> <div  class=\"overlay\"><\/div> <div  class=\"swap-inner col-xs-12\"> <div  class=\"row full-height-row bottom-xs\"> <div  class=\"col-xs-12 color1 text-center content-holder\"> <h4  class=\"inverted font-500\"><\/h4> <a href=\"https:\/\/youtu.be\/xaH15XI6ft4?si=fKtE3abBrnZ-cowx\" class=\"inverted italic p small\" target=\"_blank\" data-cp-link=\"1\" rel=\"noopener\">apriori Mobility Clients<\/a><\/div> <\/div><\/div> <\/div><\/div> <div  class=\"col-xs-12 col-sm-4\"> <div  class=\"contentswap-effect visible\" data-hover-fx=\"portfolio-1\"> <div  class=\"initial-image\"> <img  data-size=\"500x333\" data-src=\"https:\/\/www.aprioripr.com\/wp-content\/uploads\/2019\/02\/cropped-Bild_1_Whyareyoucreative_HermanVaske_Filmausschnitt-e1550589421275.jpg\" data-sizes=\"auto\" class=\"lazyautosizes lazyloaded\" src=\"https:\/\/www.aprioripr.com\/wp-content\/uploads\/2024\/12\/Bildschirmfoto-2024-12-28-um-09.36.07.png\" sizes=\"410px\"><\/div> <div  class=\"overlay\"><\/div> <div  class=\"swap-inner col-xs-12\"> <div  class=\"row full-height-row bottom-xs\"> <div  class=\"col-xs-12 color1 text-center content-holder\"> <h4  class=\"inverted font-500\"><\/h4> <a href=\"https:\/\/youtu.be\/4zSbFdt9Ij0?si=X2Tajl0t3suceMFA\" class=\"inverted italic p small\" target=\"_blank\" data-cp-link=\"1\" rel=\"noopener\">IAA 2023<\/a><\/div> <\/div><\/div> <\/div><\/div><div  class=\"col-xs-12 col-sm-4\"> <div  class=\"contentswap-effect visible\" data-hover-fx=\"portfolio-1\"> <div  class=\"initial-image\"> <img  data-size=\"500x333\" data-src=\"https:\/\/www.aprioripr.com\/wp-content\/uploads\/2019\/02\/cropped-Bild_1_Whyareyoucreative_HermanVaske_Filmausschnitt-e1550589421275.jpg\" data-sizes=\"auto\" class=\"lazyautosizes lazyloaded\" src=\"https:\/\/www.aprioripr.com\/wp-content\/uploads\/2024\/06\/cropped-Bildschirmfoto-2024-06-11-um-17.37.39-scaled.webp\" sizes=\"410px\"><\/div> <div  class=\"overlay\"><\/div> <div  class=\"swap-inner col-xs-12\"> <div  class=\"row full-height-row bottom-xs\"> <div  class=\"col-xs-12 color1 text-center content-holder\"> <h4  class=\"inverted font-500\"><\/h4> <a href=\"https:\/\/youtu.be\/u57zouxlo5s?si=LbCFuCliOCl9PPok\" class=\"inverted italic p small\" target=\"_blank\" data-cp-link=\"1\" rel=\"noopener\">Kinotrailer Traumberuf<\/a><\/div> <\/div><\/div> <\/div><\/div><div  class=\"col-xs-12 col-sm-4\"> <div  class=\"contentswap-effect visible\" data-hover-fx=\"portfolio-1\"> <div  class=\"initial-image\"> <img  data-size=\"500x333\" data-src=\"https:\/\/www.aprioripr.com\/wp-content\/uploads\/2019\/02\/cropped-Bild_1_Whyareyoucreative_HermanVaske_Filmausschnitt-e1550589421275.jpg\" data-sizes=\"auto\" class=\"lazyautosizes lazyloaded\" src=\"https:\/\/www.aprioripr.com\/wp-content\/uploads\/2024\/12\/Bildschirmfoto-2024-12-28-um-09.41.42.png\" sizes=\"410px\"><\/div> <div  class=\"overlay\"><\/div> <div  class=\"swap-inner col-xs-12\"> <div  class=\"row full-height-row bottom-xs\"> <div  class=\"col-xs-12 color1 text-center content-holder\"> <h4  class=\"inverted font-500\"><\/h4> <a href=\"https:\/\/youtu.be\/KaqRwrOr-yA?si=3LUvKoAUuRnnQpRl\" class=\"inverted italic p small\" target=\"_blank\" data-cp-link=\"1\" rel=\"noopener\">Berufe2Go<\/a><\/div> <\/div><\/div> <\/div><\/div><\/div><\/div> <div  class=\"section-separator-bottom\">\n    <svg  class=\"section-separator-bottom\" data-separator-name=\"triangle-asymmetrical-negative\" preserveAspectRatio=\"none\" viewBox=\"0 0 1000 100\" xmlns=\"http:\/\/www.w3.org\/2000\/svg\">\n        <path  class=\"svg-white-bg\" d=\"M737.9,94.7L0,0v100h1000V0L737.9,94.7z\"><\/path>\n    <\/svg>\n<\/div><\/div><div data-label=\"About\" data-id=\"about--2\" data-export-id=\"about-3\" data-category=\"about\" class=\"about-3 content-section content-section-spacing\" id=\"about-2\"  style=\"background-color: rgb(255, 255, 255);\"><div class=\"gridContainer\" > <div class=\"row\" ><div class=\"col-sm-6 col-padding-small-xs col-sm-padding-large bg-color5 white-text content-col\" data-type=\"column\" >  <h2 class=\"\" ><span style=\"color: rgb(0, 0, 0);\" >Virale Videos<\/span><\/h2> <p class=\"\" ><span style=\"color: rgb(0, 0, 0);\" >Im Rahmen von Marketing Kampagnen zu Gro\u00dfereignissen positionieren wir f\u00fcr unsere Kunden kreativen Video-Content von Virals bis Satire Videos. Dieses Video wurde f\u00fcr Victorinox in der Schweiz produziert.<\/span>\n<br ><br >\n<br ><br >\n<br ><br >\n<br ><\/p><\/div> <div class=\"col-sm-6 no-gutter-col flexbox-strech center-xs middle-xs\" ><div class=\"lightbox-video dark-overlay shadow-large overlap-x-large flexbox middle-xs center-xs lazyload\" data-type=\"group\" data-bg=\"image\"  style=\"background-image:inherit;\" data-bg-image=\"url(&quot;https:\/\/www.aprioripr.com\/wp-content\/uploads\/2024\/12\/cropped-Bildschirmfoto-2024-12-28-um-10.01.02.png&quot;)\"> <a data-fancybox=\"\" data-video-lightbox=\"true\" href=\"https:\/\/youtu.be\/ef8AYa7YDYo?si=cnPY53Ux1e8jJZ74\" > <i data-cp-fa=\"true\" class=\"fa video-icon fa-play-circle-o color7\" ><\/i><\/a> <\/div><\/div> <\/div><\/div> <\/div>","protected":false},"excerpt":{"rendered":"<p>Willkommen auf dem apriori Vlog! Get Inspired! AI XMAS Video apriori Brand Video Milan Designweek 2024 apriori Success Stories Art Bike Design apriori Mobility Clients IAA 2023 Kinotrailer Traumberuf Berufe2Go Virale Videos Im Rahmen von Marketing Kampagnen zu Gro\u00dfereignissen positionieren wir f\u00fcr unsere Kunden kreativen Video-Content von Virals bis Satire Videos. Dieses Video wurde f\u00fcr&hellip; <br \/> <a class=\"read-more\" href=\"https:\/\/www.aprioripr.com\/de\/vlog\/\">Weiterlesen<\/a><\/p>\n","protected":false},"author":3,"featured_media":0,"parent":0,"menu_order":0,"comment_status":"closed","ping_status":"closed","template":"pro\/page-templates\/full-width-page.php","meta":[],"yoast_head":"<!-- This site is optimized with the Yoast SEO Premium plugin v14.7 - https:\/\/yoast.com\/wordpress\/plugins\/seo\/ -->\n<title>Vlog | apriori pr und marketing<\/title>\n<meta name=\"description\" content=\"Have a look at apriori&#039;s video blog and get inspired!\" \/>\n<meta name=\"robots\" content=\"index, follow\" \/>\n<meta name=\"googlebot\" content=\"index, follow, max-snippet:-1, max-image-preview:large, max-video-preview:-1\" \/>\n<meta name=\"bingbot\" content=\"index, follow, max-snippet:-1, max-image-preview:large, max-video-preview:-1\" \/>\n<link rel=\"canonical\" href=\"https:\/\/www.aprioripr.com\/de\/vlog\/\" \/>\n<meta property=\"og:locale\" content=\"de_DE\" \/>\n<meta property=\"og:type\" content=\"article\" \/>\n<meta property=\"og:title\" content=\"Vlog | apriori pr und marketing\" \/>\n<meta property=\"og:description\" content=\"Have a look at apriori&#039;s video blog and get inspired!\" \/>\n<meta property=\"og:url\" content=\"https:\/\/www.aprioripr.com\/de\/vlog\/\" \/>\n<meta property=\"og:site_name\" content=\"apriori pr und marketing\" \/>\n<meta property=\"article:publisher\" content=\"https:\/\/www.facebook.com\/aprioriinternational\/?ref=bookmarks\" \/>\n<meta property=\"article:author\" content=\"https:\/\/www.facebook.com\/pg\/aprioriinternational\" \/>\n<meta property=\"article:modified_time\" content=\"2024-12-28T09:05:56+00:00\" \/>\n<meta property=\"og:image\" content=\"https:\/\/www.aprioripr.com\/wp-content\/uploads\/2019\/02\/cropped-Bild_1_Whyareyoucreative_HermanVaske_Filmausschnitt-e1550589421275.jpg\" \/>\n<meta name=\"twitter:card\" content=\"summary_large_image\" \/>\n<meta name=\"twitter:creator\" content=\"@https:\/\/twitter.com\/aprioripr\" \/>\n<meta name=\"twitter:site\" content=\"@aprioripr\" \/>\n<script type=\"application\/ld+json\" class=\"yoast-schema-graph\">{\"@context\":\"https:\/\/schema.org\",\"@graph\":[{\"@type\":\"Organization\",\"@id\":\"https:\/\/www.aprioripr.com\/de\/#organization\",\"name\":\"apriori pr und marketing\",\"url\":\"https:\/\/www.aprioripr.com\/de\/\",\"sameAs\":[\"https:\/\/www.facebook.com\/aprioriinternational\/?ref=bookmarks\",\"https:\/\/www.instagram.com\/aprioripr\/?hl=de\",\"https:\/\/www.linkedin.com\/company\/10530298\/\",\"https:\/\/www.youtube.com\/channel\/UCzVZCt51PkhspqwzoBd7dYg\/featured?view_as=subscriber\",\"https:\/\/twitter.com\/aprioripr\"],\"logo\":{\"@type\":\"ImageObject\",\"@id\":\"https:\/\/www.aprioripr.com\/de\/#logo\",\"inLanguage\":\"de\",\"url\":\"https:\/\/www.aprioripr.com\/wp-content\/uploads\/2015\/06\/cropped-cropped-cropped-apriori-pr_and_marketing-Logo-1-1.png\",\"width\":1024,\"height\":1024,\"caption\":\"apriori pr und marketing\"},\"image\":{\"@id\":\"https:\/\/www.aprioripr.com\/de\/#logo\"}},{\"@type\":\"WebSite\",\"@id\":\"https:\/\/www.aprioripr.com\/de\/#website\",\"url\":\"https:\/\/www.aprioripr.com\/de\/\",\"name\":\"apriori pr und marketing\",\"description\":\"International Public Relations and Marketing aprioripr\",\"publisher\":{\"@id\":\"https:\/\/www.aprioripr.com\/de\/#organization\"},\"potentialAction\":[{\"@type\":\"SearchAction\",\"target\":\"https:\/\/www.aprioripr.com\/de\/?s={search_term_string}\",\"query-input\":\"required name=search_term_string\"}],\"inLanguage\":\"de\"},{\"@type\":\"ImageObject\",\"@id\":\"https:\/\/www.aprioripr.com\/de\/vlog\/#primaryimage\",\"inLanguage\":\"de\",\"url\":\"https:\/\/www.aprioripr.com\/wp-content\/uploads\/2019\/02\/cropped-Bild_1_Whyareyoucreative_HermanVaske_Filmausschnitt-e1550589421275.jpg\",\"width\":1492,\"height\":994},{\"@type\":\"WebPage\",\"@id\":\"https:\/\/www.aprioripr.com\/de\/vlog\/#webpage\",\"url\":\"https:\/\/www.aprioripr.com\/de\/vlog\/\",\"name\":\"Vlog | apriori pr und marketing\",\"isPartOf\":{\"@id\":\"https:\/\/www.aprioripr.com\/de\/#website\"},\"primaryImageOfPage\":{\"@id\":\"https:\/\/www.aprioripr.com\/de\/vlog\/#primaryimage\"},\"datePublished\":\"2019-03-08T12:57:44+00:00\",\"dateModified\":\"2024-12-28T09:05:56+00:00\",\"description\":\"Have a look at apriori's video blog and get inspired!\",\"breadcrumb\":{\"@id\":\"https:\/\/www.aprioripr.com\/de\/vlog\/#breadcrumb\"},\"inLanguage\":\"de\",\"potentialAction\":[{\"@type\":\"ReadAction\",\"target\":[\"https:\/\/www.aprioripr.com\/de\/vlog\/\"]}]},{\"@type\":\"BreadcrumbList\",\"@id\":\"https:\/\/www.aprioripr.com\/de\/vlog\/#breadcrumb\",\"itemListElement\":[{\"@type\":\"ListItem\",\"position\":1,\"item\":{\"@type\":\"WebPage\",\"@id\":\"https:\/\/www.aprioripr.com\/de\/\",\"url\":\"https:\/\/www.aprioripr.com\/de\/\",\"name\":\"About\"}},{\"@type\":\"ListItem\",\"position\":2,\"item\":{\"@type\":\"WebPage\",\"@id\":\"https:\/\/www.aprioripr.com\/de\/vlog\/\",\"url\":\"https:\/\/www.aprioripr.com\/de\/vlog\/\",\"name\":\"Vlog\"}}]}]}<\/script>\n<!-- \/ Yoast SEO Premium plugin. -->","_links":{"self":[{"href":"https:\/\/www.aprioripr.com\/de\/wp-json\/wp\/v2\/pages\/11125"}],"collection":[{"href":"https:\/\/www.aprioripr.com\/de\/wp-json\/wp\/v2\/pages"}],"about":[{"href":"https:\/\/www.aprioripr.com\/de\/wp-json\/wp\/v2\/types\/page"}],"author":[{"embeddable":true,"href":"https:\/\/www.aprioripr.com\/de\/wp-json\/wp\/v2\/users\/3"}],"replies":[{"embeddable":true,"href":"https:\/\/www.aprioripr.com\/de\/wp-json\/wp\/v2\/comments?post=11125"}],"version-history":[{"count":5,"href":"https:\/\/www.aprioripr.com\/de\/wp-json\/wp\/v2\/pages\/11125\/revisions"}],"predecessor-version":[{"id":17816,"href":"https:\/\/www.aprioripr.com\/de\/wp-json\/wp\/v2\/pages\/11125\/revisions\/17816"}],"wp:attachment":[{"href":"https:\/\/www.aprioripr.com\/de\/wp-json\/wp\/v2\/media?parent=11125"}],"curies":[{"name":"wp","href":"https:\/\/api.w.org\/{rel}","templated":true}]}}